{"id":20580,"date":"2022-02-04T06:59:43","date_gmt":"2022-02-04T06:59:43","guid":{"rendered":"https:\/\/teakdecking.pro\/ueber-uns\/werden-sie-partner\/verkauf-und-vertrieb-b2b\/"},"modified":"2025-03-08T11:50:59","modified_gmt":"2025-03-08T11:50:59","slug":"verkauf-und-vertrieb-b2b","status":"publish","type":"page","link":"https:\/\/staging.trim-nauticadecking.com\/de\/ueber-uns\/werden-sie-partner\/verkauf-und-vertrieb-b2b\/","title":{"rendered":"VERKAUF UND VERTRIEB B2B"},"content":{"rendered":"\t\t<div data-elementor-type=\"wp-page\" data-elementor-id=\"20580\" class=\"elementor elementor-20580 elementor-20475\" data-elementor-post-type=\"page\">\n\t\t\t\t\t\t<section class=\"elementor-section elementor-top-section elementor-element elementor-element-c94e033 elementor-section-boxed elementor-section-height-default elementor-section-height-default\" data-id=\"c94e033\" data-element_type=\"section\" data-e-type=\"section\">\n\t\t\t\t\t\t<div class=\"elementor-container elementor-column-gap-no\">\n\t\t\t\t\t<div class=\"elementor-column elementor-col-50 elementor-top-column elementor-element elementor-element-5478cb3\" data-id=\"5478cb3\" data-element_type=\"column\" data-e-type=\"column\">\n\t\t\t<div class=\"elementor-widget-wrap elementor-element-populated\">\n\t\t\t\t\t\t<div class=\"elementor-element elementor-element-56b08cb elementor-widget elementor-widget-image\" data-id=\"56b08cb\" data-element_type=\"widget\" data-e-type=\"widget\" data-widget_type=\"image.default\">\n\t\t\t\t<div class=\"elementor-widget-container\">\n\t\t\t\t\t\t\t\t\t\t\t\t\t\t\t<img fetchpriority=\"high\" decoding=\"async\" width=\"750\" height=\"750\" src=\"https:\/\/staging.trim-nauticadecking.com\/wp-content\/uploads\/2022\/02\/29093247_192664781346660_2048151916415811584_n.jpg\" class=\"attachment-medium_large size-medium_large wp-image-20479\" alt=\"\" srcset=\"https:\/\/staging.trim-nauticadecking.com\/wp-content\/uploads\/2022\/02\/29093247_192664781346660_2048151916415811584_n.jpg 750w, https:\/\/staging.trim-nauticadecking.com\/wp-content\/uploads\/2022\/02\/29093247_192664781346660_2048151916415811584_n-300x300.jpg 300w, https:\/\/staging.trim-nauticadecking.com\/wp-content\/uploads\/2022\/02\/29093247_192664781346660_2048151916415811584_n-150x150.jpg 150w, https:\/\/staging.trim-nauticadecking.com\/wp-content\/uploads\/2022\/02\/29093247_192664781346660_2048151916415811584_n-60x60.jpg 60w\" sizes=\"(max-width: 750px) 100vw, 750px\" \/>\t\t\t\t\t\t\t\t\t\t\t\t\t\t\t<\/div>\n\t\t\t\t<\/div>\n\t\t\t\t<div class=\"elementor-element elementor-element-a1cf5ef elementor-widget elementor-widget-text-editor\" data-id=\"a1cf5ef\" data-element_type=\"widget\" data-e-type=\"widget\" data-widget_type=\"text-editor.default\">\n\t\t\t\t<div class=\"elementor-widget-container\">\n\t\t\t\t\t\t\t\t\t<p>TEAKdecking\u00ae steht jeder Art von Zusammenarbeit offen. Jeder Ihrer Vorschl\u00e4ge wird mit Interesse gepr\u00fcft und sorgf\u00e4ltig gepr\u00fcft. Bitte z\u00f6gern Sie nicht, uns f\u00fcr Ihre Ideen und Projekte zu kontaktieren.<\/p>\n\t\t\t\t\t\t\t\t<\/div>\n\t\t\t\t<\/div>\n\t\t\t\t\t<\/div>\n\t\t<\/div>\n\t\t\t\t<div class=\"elementor-column elementor-col-50 elementor-top-column elementor-element elementor-element-6084a9d\" data-id=\"6084a9d\" data-element_type=\"column\" data-e-type=\"column\">\n\t\t\t<div class=\"elementor-widget-wrap elementor-element-populated\">\n\t\t\t\t\t\t<div class=\"elementor-element elementor-element-b3dd141 elementor-invisible elementor-widget elementor-widget-heading\" data-id=\"b3dd141\" data-element_type=\"widget\" data-e-type=\"widget\" data-settings=\"{&quot;_animation&quot;:&quot;fadeInUp&quot;}\" data-widget_type=\"heading.default\">\n\t\t\t\t<div class=\"elementor-widget-container\">\n\t\t\t\t\t<h2 class=\"elementor-heading-title elementor-size-default\">Einen <b>Antrag<\/b> stellen<\/h2>\t\t\t\t<\/div>\n\t\t\t\t<\/div>\n\t\t\t\t<div class=\"elementor-element elementor-element-0ce707c elementor-button-align-end kontaktforma elementor-invisible elementor-widget elementor-widget-form\" data-id=\"0ce707c\" data-element_type=\"widget\" data-e-type=\"widget\" data-settings=\"{&quot;step_next_label&quot;:&quot;N\\u00e4chste&quot;,&quot;step_previous_label&quot;:&quot;Vorher&quot;,&quot;_animation&quot;:&quot;fadeInUp&quot;,&quot;_animation_delay&quot;:400,&quot;button_width&quot;:&quot;100&quot;,&quot;step_type&quot;:&quot;number_text&quot;,&quot;step_icon_shape&quot;:&quot;circle&quot;}\" data-widget_type=\"form.default\">\n\t\t\t\t<div class=\"elementor-widget-container\">\n\t\t\t\t\t\t\t<form class=\"elementor-form\" method=\"post\" name=\"Prijava - prodaja i distribucija DE\" aria-label=\"Prijava - prodaja i distribucija DE\">\n\t\t\t<input type=\"hidden\" name=\"post_id\" value=\"20580\"\/>\n\t\t\t<input type=\"hidden\" name=\"form_id\" value=\"0ce707c\"\/>\n\t\t\t<input type=\"hidden\" name=\"referer_title\" value=\"Teak decking by triM Nautica\" \/>\n\n\t\t\t\n\t\t\t<div class=\"elementor-form-fields-wrapper elementor-labels-above\">\n\t\t\t\t\t\t\t\t<div class=\"elementor-field-type-hidden elementor-field-group elementor-column elementor-field-group-posao elementor-col-100\">\n\t\t\t\t\t\t\t\t\t\t\t\t\t<input size=\"1\" type=\"hidden\" name=\"form_fields[posao]\" id=\"form-field-posao\" class=\"elementor-field elementor-size-md  elementor-field-textual\" value=\"VERKAUF UND VERTRIEB B2B\">\n\t\t\t\t\t\t\t\t\t\t\t<\/div>\n\t\t\t\t\t\t\t\t<div class=\"elementor-field-type-text elementor-field-group elementor-column elementor-field-group-ime elementor-col-100 elementor-field-required elementor-mark-required\">\n\t\t\t\t\t\t\t\t\t\t\t\t<label for=\"form-field-ime\" class=\"elementor-field-label\">\n\t\t\t\t\t\t\t\tIhr Vor- und Nachname\t\t\t\t\t\t\t<\/label>\n\t\t\t\t\t\t\t\t\t\t\t\t\t\t<input size=\"1\" type=\"text\" name=\"form_fields[ime]\" id=\"form-field-ime\" class=\"elementor-field elementor-size-md  elementor-field-textual\" required=\"required\">\n\t\t\t\t\t\t\t\t\t\t\t<\/div>\n\t\t\t\t\t\t\t\t<div class=\"elementor-field-type-email elementor-field-group elementor-column elementor-field-group-email elementor-col-100 elementor-field-required elementor-mark-required\">\n\t\t\t\t\t\t\t\t\t\t\t\t<label for=\"form-field-email\" class=\"elementor-field-label\">\n\t\t\t\t\t\t\t\tE-Mail-Addresse\t\t\t\t\t\t\t<\/label>\n\t\t\t\t\t\t\t\t\t\t\t\t\t\t<input size=\"1\" type=\"email\" name=\"form_fields[email]\" id=\"form-field-email\" class=\"elementor-field elementor-size-md  elementor-field-textual\" required=\"required\">\n\t\t\t\t\t\t\t\t\t\t\t<\/div>\n\t\t\t\t\t\t\t\t<div class=\"elementor-field-type-text\">\n\t\t\t\t\t<input size=\"1\" type=\"text\" name=\"form_fields[repeat_email]\" id=\"form-field-repeat_email\" class=\"elementor-field elementor-size-md \" style=\"display:none !important;\">\t\t\t\t<\/div>\n\t\t\t\t\t\t\t\t<div class=\"elementor-field-type-text elementor-field-group elementor-column elementor-field-group-telefon elementor-col-100\">\n\t\t\t\t\t\t\t\t\t\t\t\t<label for=\"form-field-telefon\" class=\"elementor-field-label\">\n\t\t\t\t\t\t\t\tTelefon\t\t\t\t\t\t\t<\/label>\n\t\t\t\t\t\t\t\t\t\t\t\t\t\t<input size=\"1\" type=\"text\" name=\"form_fields[telefon]\" id=\"form-field-telefon\" class=\"elementor-field elementor-size-md  elementor-field-textual\">\n\t\t\t\t\t\t\t\t\t\t\t<\/div>\n\t\t\t\t\t\t\t\t<div class=\"elementor-field-type-text elementor-field-group elementor-column elementor-field-group-tvrtka elementor-col-100\">\n\t\t\t\t\t\t\t\t\t\t\t\t<label for=\"form-field-tvrtka\" class=\"elementor-field-label\">\n\t\t\t\t\t\t\t\tName der Firma\t\t\t\t\t\t\t<\/label>\n\t\t\t\t\t\t\t\t\t\t\t\t\t\t<input size=\"1\" type=\"text\" name=\"form_fields[tvrtka]\" id=\"form-field-tvrtka\" class=\"elementor-field elementor-size-md  elementor-field-textual\">\n\t\t\t\t\t\t\t\t\t\t\t<\/div>\n\t\t\t\t\t\t\t\t<div class=\"elementor-field-type-text elementor-field-group elementor-column elementor-field-group-zupanija elementor-col-100 elementor-field-required elementor-mark-required\">\n\t\t\t\t\t\t\t\t\t\t\t\t<label for=\"form-field-zupanija\" class=\"elementor-field-label\">\n\t\t\t\t\t\t\t\tZustand\t\t\t\t\t\t\t<\/label>\n\t\t\t\t\t\t\t\t\t\t\t\t\t\t<input size=\"1\" type=\"text\" name=\"form_fields[zupanija]\" id=\"form-field-zupanija\" class=\"elementor-field elementor-size-md  elementor-field-textual\" required=\"required\">\n\t\t\t\t\t\t\t\t\t\t\t<\/div>\n\t\t\t\t\t\t\t\t<div class=\"elementor-field-type-upload elementor-field-group elementor-column elementor-field-group-prilog elementor-col-100\">\n\t\t\t\t\t\t\t\t\t\t\t\t<label for=\"form-field-prilog\" class=\"elementor-field-label\">\n\t\t\t\t\t\t\t\tBewerbung, Motivationsschreiben etc. beif\u00fcgen (max. 3 Dokumente).\t\t\t\t\t\t\t<\/label>\n\t\t\t\t\t\t\t\t<input type=\"file\" name=\"form_fields[prilog][]\" id=\"form-field-prilog\" class=\"elementor-field elementor-size-md  elementor-upload-field\" multiple=\"multiple\" data-maxsize=\"25\" data-maxsize-message=\"Diese Datei \u00fcbersteigt die maximale Dateigr\u00f6\u00dfe.\">\n\n\t\t\t\t\t\t<\/div>\n\t\t\t\t\t\t\t\t<div class=\"elementor-field-group elementor-column elementor-field-type-submit elementor-col-100 e-form__buttons\">\n\t\t\t\t\t<button class=\"elementor-button elementor-size-sm\" type=\"submit\">\n\t\t\t\t\t\t<span class=\"elementor-button-content-wrapper\">\n\t\t\t\t\t\t\t\t\t\t\t\t\t\t\t<span class=\"elementor-button-icon\">\n\t\t\t\t\t\t\t\t\t<i aria-hidden=\"true\" class=\"fas fa-paper-plane\"><\/i>\t\t\t\t\t\t\t\t\t\t\t\t\t\t\t\t\t<\/span>\n\t\t\t\t\t\t\t\t\t\t\t\t\t\t\t\t\t\t\t\t\t\t<span class=\"elementor-button-text\">Senden<\/span>\n\t\t\t\t\t\t\t\t\t\t\t\t\t<\/span>\n\t\t\t\t\t<\/button>\n\t\t\t\t<\/div>\n\t\t\t<\/div>\n\t\t<\/form>\n\t\t\t\t\t\t<\/div>\n\t\t\t\t<\/div>\n\t\t\t\t\t<\/div>\n\t\t<\/div>\n\t\t\t\t\t<\/div>\n\t\t<\/section>\n\t\t\t\t<\/div>\n\t\t","protected":false},"excerpt":{"rendered":"<p>TEAKdecking\u00ae steht jeder Art von Zusammenarbeit offen. Jeder Ihrer Vorschl\u00e4ge wird mit Interesse gepr\u00fcft und sorgf\u00e4ltig gepr\u00fcft. Bitte z\u00f6gern Sie nicht, uns f\u00fcr Ihre Ideen und Projekte zu kontaktieren. Einen Antrag stellen<\/p>\n","protected":false},"author":3,"featured_media":0,"parent":20570,"menu_order":1,"comment_status":"closed","ping_status":"closed","template":"","meta":{"footnotes":""},"class_list":["post-20580","page","type-page","status-publish","hentry"],"yoast_head":"<!-- This site is optimized with the Yoast SEO plugin v27.2 - https:\/\/yoast.com\/product\/yoast-seo-wordpress\/ -->\n<title>VERKAUF UND VERTRIEB B2B - Teak decking by triM Nautica<\/title>\n<meta name=\"robots\" content=\"noindex, follow, max-snippet:-1, max-image-preview:large, max-video-preview:-1\" \/>\n<meta property=\"og:locale\" content=\"de_DE\" \/>\n<meta property=\"og:type\" content=\"article\" \/>\n<meta property=\"og:title\" content=\"VERKAUF UND VERTRIEB B2B - Teak decking by triM Nautica\" \/>\n<meta property=\"og:description\" content=\"TEAKdecking\u00ae steht jeder Art von Zusammenarbeit offen. Jeder Ihrer Vorschl\u00e4ge wird mit Interesse gepr\u00fcft und sorgf\u00e4ltig gepr\u00fcft. Bitte z\u00f6gern Sie nicht, uns f\u00fcr Ihre Ideen und Projekte zu kontaktieren. Einen Antrag stellen\" \/>\n<meta property=\"og:url\" content=\"https:\/\/staging.trim-nauticadecking.com\/de\/ueber-uns\/werden-sie-partner\/verkauf-und-vertrieb-b2b\/\" \/>\n<meta property=\"og:site_name\" content=\"Teak decking by triM Nautica\" \/>\n<meta property=\"article:modified_time\" content=\"2025-03-08T11:50:59+00:00\" \/>\n<meta property=\"og:image\" content=\"https:\/\/staging.trim-nauticadecking.com\/wp-content\/uploads\/2022\/02\/29093247_192664781346660_2048151916415811584_n.jpg\" \/>\n<meta name=\"twitter:card\" content=\"summary_large_image\" \/>\n<script type=\"application\/ld+json\" class=\"yoast-schema-graph\">{\"@context\":\"https:\/\/schema.org\",\"@graph\":[{\"@type\":\"WebPage\",\"@id\":\"https:\/\/staging.trim-nauticadecking.com\/de\/ueber-uns\/werden-sie-partner\/verkauf-und-vertrieb-b2b\/\",\"url\":\"https:\/\/staging.trim-nauticadecking.com\/de\/ueber-uns\/werden-sie-partner\/verkauf-und-vertrieb-b2b\/\",\"name\":\"VERKAUF UND VERTRIEB B2B - Teak decking by triM Nautica\",\"isPartOf\":{\"@id\":\"https:\/\/staging.trim-nauticadecking.com\/de\/#website\"},\"primaryImageOfPage\":{\"@id\":\"https:\/\/staging.trim-nauticadecking.com\/de\/ueber-uns\/werden-sie-partner\/verkauf-und-vertrieb-b2b\/#primaryimage\"},\"image\":{\"@id\":\"https:\/\/staging.trim-nauticadecking.com\/de\/ueber-uns\/werden-sie-partner\/verkauf-und-vertrieb-b2b\/#primaryimage\"},\"thumbnailUrl\":\"https:\/\/staging.trim-nauticadecking.com\/wp-content\/uploads\/2022\/02\/29093247_192664781346660_2048151916415811584_n.jpg\",\"datePublished\":\"2022-02-04T06:59:43+00:00\",\"dateModified\":\"2025-03-08T11:50:59+00:00\",\"breadcrumb\":{\"@id\":\"https:\/\/staging.trim-nauticadecking.com\/de\/ueber-uns\/werden-sie-partner\/verkauf-und-vertrieb-b2b\/#breadcrumb\"},\"inLanguage\":\"de\",\"potentialAction\":[{\"@type\":\"ReadAction\",\"target\":[\"https:\/\/staging.trim-nauticadecking.com\/de\/ueber-uns\/werden-sie-partner\/verkauf-und-vertrieb-b2b\/\"]}]},{\"@type\":\"ImageObject\",\"inLanguage\":\"de\",\"@id\":\"https:\/\/staging.trim-nauticadecking.com\/de\/ueber-uns\/werden-sie-partner\/verkauf-und-vertrieb-b2b\/#primaryimage\",\"url\":\"https:\/\/staging.trim-nauticadecking.com\/wp-content\/uploads\/2022\/02\/29093247_192664781346660_2048151916415811584_n.jpg\",\"contentUrl\":\"https:\/\/staging.trim-nauticadecking.com\/wp-content\/uploads\/2022\/02\/29093247_192664781346660_2048151916415811584_n.jpg\"},{\"@type\":\"BreadcrumbList\",\"@id\":\"https:\/\/staging.trim-nauticadecking.com\/de\/ueber-uns\/werden-sie-partner\/verkauf-und-vertrieb-b2b\/#breadcrumb\",\"itemListElement\":[{\"@type\":\"ListItem\",\"position\":1,\"name\":\"Po\u010detna stranica\",\"item\":\"https:\/\/staging.trim-nauticadecking.com\/de\/\"},{\"@type\":\"ListItem\",\"position\":2,\"name\":\"\u00dcber uns\",\"item\":\"https:\/\/staging.trim-nauticadecking.com\/de\/ueber-uns\/\"},{\"@type\":\"ListItem\",\"position\":3,\"name\":\"WERDEN SIE PARTNER\",\"item\":\"https:\/\/staging.trim-nauticadecking.com\/de\/o-nama\/radite-s-nama\/\"},{\"@type\":\"ListItem\",\"position\":4,\"name\":\"VERKAUF UND VERTRIEB B2B\"}]},{\"@type\":\"WebSite\",\"@id\":\"https:\/\/staging.trim-nauticadecking.com\/de\/#website\",\"url\":\"https:\/\/staging.trim-nauticadecking.com\/de\/\",\"name\":\"Teak decking by triM Nautica\",\"description\":\"K\u00fcnstliches Teakholz | TEAK-Decks \u2013 k\u00fcnstliches Teakholz | PlasDECK | Installation\",\"publisher\":{\"@id\":\"https:\/\/staging.trim-nauticadecking.com\/de\/#organization\"},\"potentialAction\":[{\"@type\":\"SearchAction\",\"target\":{\"@type\":\"EntryPoint\",\"urlTemplate\":\"https:\/\/staging.trim-nauticadecking.com\/de\/?s={search_term_string}\"},\"query-input\":{\"@type\":\"PropertyValueSpecification\",\"valueRequired\":true,\"valueName\":\"search_term_string\"}}],\"inLanguage\":\"de\"},{\"@type\":\"Organization\",\"@id\":\"https:\/\/staging.trim-nauticadecking.com\/de\/#organization\",\"name\":\"Teak decking by triM Nautica\",\"url\":\"https:\/\/staging.trim-nauticadecking.com\/de\/\",\"logo\":{\"@type\":\"ImageObject\",\"inLanguage\":\"de\",\"@id\":\"https:\/\/staging.trim-nauticadecking.com\/de\/#\/schema\/logo\/image\/\",\"url\":\"https:\/\/staging.trim-nauticadecking.com\/wp-content\/uploads\/2021\/08\/Teak-Decking-logo-185x40px.svg\",\"contentUrl\":\"https:\/\/staging.trim-nauticadecking.com\/wp-content\/uploads\/2021\/08\/Teak-Decking-logo-185x40px.svg\",\"width\":100,\"height\":100,\"caption\":\"Teak decking by triM Nautica\"},\"image\":{\"@id\":\"https:\/\/staging.trim-nauticadecking.com\/de\/#\/schema\/logo\/image\/\"}}]}<\/script>\n<!-- \/ Yoast SEO plugin. -->","yoast_head_json":{"title":"VERKAUF UND VERTRIEB B2B - Teak decking by triM Nautica","robots":{"index":"noindex","follow":"follow","max-snippet":"max-snippet:-1","max-image-preview":"max-image-preview:large","max-video-preview":"max-video-preview:-1"},"og_locale":"de_DE","og_type":"article","og_title":"VERKAUF UND VERTRIEB B2B - Teak decking by triM Nautica","og_description":"TEAKdecking\u00ae steht jeder Art von Zusammenarbeit offen. Jeder Ihrer Vorschl\u00e4ge wird mit Interesse gepr\u00fcft und sorgf\u00e4ltig gepr\u00fcft. Bitte z\u00f6gern Sie nicht, uns f\u00fcr Ihre Ideen und Projekte zu kontaktieren. Einen Antrag stellen","og_url":"https:\/\/staging.trim-nauticadecking.com\/de\/ueber-uns\/werden-sie-partner\/verkauf-und-vertrieb-b2b\/","og_site_name":"Teak decking by triM Nautica","article_modified_time":"2025-03-08T11:50:59+00:00","og_image":[{"url":"https:\/\/staging.trim-nauticadecking.com\/wp-content\/uploads\/2022\/02\/29093247_192664781346660_2048151916415811584_n.jpg","type":"","width":"","height":""}],"twitter_card":"summary_large_image","schema":{"@context":"https:\/\/schema.org","@graph":[{"@type":"WebPage","@id":"https:\/\/staging.trim-nauticadecking.com\/de\/ueber-uns\/werden-sie-partner\/verkauf-und-vertrieb-b2b\/","url":"https:\/\/staging.trim-nauticadecking.com\/de\/ueber-uns\/werden-sie-partner\/verkauf-und-vertrieb-b2b\/","name":"VERKAUF UND VERTRIEB B2B - Teak decking by triM Nautica","isPartOf":{"@id":"https:\/\/staging.trim-nauticadecking.com\/de\/#website"},"primaryImageOfPage":{"@id":"https:\/\/staging.trim-nauticadecking.com\/de\/ueber-uns\/werden-sie-partner\/verkauf-und-vertrieb-b2b\/#primaryimage"},"image":{"@id":"https:\/\/staging.trim-nauticadecking.com\/de\/ueber-uns\/werden-sie-partner\/verkauf-und-vertrieb-b2b\/#primaryimage"},"thumbnailUrl":"https:\/\/staging.trim-nauticadecking.com\/wp-content\/uploads\/2022\/02\/29093247_192664781346660_2048151916415811584_n.jpg","datePublished":"2022-02-04T06:59:43+00:00","dateModified":"2025-03-08T11:50:59+00:00","breadcrumb":{"@id":"https:\/\/staging.trim-nauticadecking.com\/de\/ueber-uns\/werden-sie-partner\/verkauf-und-vertrieb-b2b\/#breadcrumb"},"inLanguage":"de","potentialAction":[{"@type":"ReadAction","target":["https:\/\/staging.trim-nauticadecking.com\/de\/ueber-uns\/werden-sie-partner\/verkauf-und-vertrieb-b2b\/"]}]},{"@type":"ImageObject","inLanguage":"de","@id":"https:\/\/staging.trim-nauticadecking.com\/de\/ueber-uns\/werden-sie-partner\/verkauf-und-vertrieb-b2b\/#primaryimage","url":"https:\/\/staging.trim-nauticadecking.com\/wp-content\/uploads\/2022\/02\/29093247_192664781346660_2048151916415811584_n.jpg","contentUrl":"https:\/\/staging.trim-nauticadecking.com\/wp-content\/uploads\/2022\/02\/29093247_192664781346660_2048151916415811584_n.jpg"},{"@type":"BreadcrumbList","@id":"https:\/\/staging.trim-nauticadecking.com\/de\/ueber-uns\/werden-sie-partner\/verkauf-und-vertrieb-b2b\/#breadcrumb","itemListElement":[{"@type":"ListItem","position":1,"name":"Po\u010detna stranica","item":"https:\/\/staging.trim-nauticadecking.com\/de\/"},{"@type":"ListItem","position":2,"name":"\u00dcber uns","item":"https:\/\/staging.trim-nauticadecking.com\/de\/ueber-uns\/"},{"@type":"ListItem","position":3,"name":"WERDEN SIE PARTNER","item":"https:\/\/staging.trim-nauticadecking.com\/de\/o-nama\/radite-s-nama\/"},{"@type":"ListItem","position":4,"name":"VERKAUF UND VERTRIEB B2B"}]},{"@type":"WebSite","@id":"https:\/\/staging.trim-nauticadecking.com\/de\/#website","url":"https:\/\/staging.trim-nauticadecking.com\/de\/","name":"Teak decking by triM Nautica","description":"K\u00fcnstliches Teakholz | TEAK-Decks \u2013 k\u00fcnstliches Teakholz | PlasDECK | Installation","publisher":{"@id":"https:\/\/staging.trim-nauticadecking.com\/de\/#organization"},"potentialAction":[{"@type":"SearchAction","target":{"@type":"EntryPoint","urlTemplate":"https:\/\/staging.trim-nauticadecking.com\/de\/?s={search_term_string}"},"query-input":{"@type":"PropertyValueSpecification","valueRequired":true,"valueName":"search_term_string"}}],"inLanguage":"de"},{"@type":"Organization","@id":"https:\/\/staging.trim-nauticadecking.com\/de\/#organization","name":"Teak decking by triM Nautica","url":"https:\/\/staging.trim-nauticadecking.com\/de\/","logo":{"@type":"ImageObject","inLanguage":"de","@id":"https:\/\/staging.trim-nauticadecking.com\/de\/#\/schema\/logo\/image\/","url":"https:\/\/staging.trim-nauticadecking.com\/wp-content\/uploads\/2021\/08\/Teak-Decking-logo-185x40px.svg","contentUrl":"https:\/\/staging.trim-nauticadecking.com\/wp-content\/uploads\/2021\/08\/Teak-Decking-logo-185x40px.svg","width":100,"height":100,"caption":"Teak decking by triM Nautica"},"image":{"@id":"https:\/\/staging.trim-nauticadecking.com\/de\/#\/schema\/logo\/image\/"}}]}},"_links":{"self":[{"href":"https:\/\/staging.trim-nauticadecking.com\/de\/wp-json\/wp\/v2\/pages\/20580","targetHints":{"allow":["GET"]}}],"collection":[{"href":"https:\/\/staging.trim-nauticadecking.com\/de\/wp-json\/wp\/v2\/pages"}],"about":[{"href":"https:\/\/staging.trim-nauticadecking.com\/de\/wp-json\/wp\/v2\/types\/page"}],"author":[{"embeddable":true,"href":"https:\/\/staging.trim-nauticadecking.com\/de\/wp-json\/wp\/v2\/users\/3"}],"replies":[{"embeddable":true,"href":"https:\/\/staging.trim-nauticadecking.com\/de\/wp-json\/wp\/v2\/comments?post=20580"}],"version-history":[{"count":2,"href":"https:\/\/staging.trim-nauticadecking.com\/de\/wp-json\/wp\/v2\/pages\/20580\/revisions"}],"predecessor-version":[{"id":22018,"href":"https:\/\/staging.trim-nauticadecking.com\/de\/wp-json\/wp\/v2\/pages\/20580\/revisions\/22018"}],"up":[{"embeddable":true,"href":"https:\/\/staging.trim-nauticadecking.com\/de\/wp-json\/wp\/v2\/pages\/20570"}],"wp:attachment":[{"href":"https:\/\/staging.trim-nauticadecking.com\/de\/wp-json\/wp\/v2\/media?parent=20580"}],"curies":[{"name":"wp","href":"https:\/\/api.w.org\/{rel}","templated":true}]}}