{"id":20570,"date":"2021-12-16T15:59:20","date_gmt":"2021-12-16T15:59:20","guid":{"rendered":"https:\/\/teakdecking.pro\/ueber-uns\/werden-sie-partner\/"},"modified":"2025-03-08T11:45:27","modified_gmt":"2025-03-08T11:45:27","slug":"werden-sie-partner","status":"publish","type":"page","link":"https:\/\/staging.trim-nauticadecking.com\/de\/ueber-uns\/werden-sie-partner\/","title":{"rendered":"WERDEN SIE PARTNER"},"content":{"rendered":"\t\t<div data-elementor-type=\"wp-page\" data-elementor-id=\"20570\" class=\"elementor elementor-20570 elementor-221\" data-elementor-post-type=\"page\">\n\t\t\t\t\t\t<section class=\"elementor-section elementor-top-section elementor-element elementor-element-1d30076 elementor-section-boxed elementor-section-height-default elementor-section-height-default\" data-id=\"1d30076\" data-element_type=\"section\" data-e-type=\"section\">\n\t\t\t\t\t\t<div class=\"elementor-container elementor-column-gap-no\">\n\t\t\t\t\t<div class=\"elementor-column elementor-col-66 elementor-top-column elementor-element elementor-element-0cacd35\" data-id=\"0cacd35\" data-element_type=\"column\" data-e-type=\"column\">\n\t\t\t<div class=\"elementor-widget-wrap elementor-element-populated\">\n\t\t\t\t\t\t<div class=\"elementor-element elementor-element-f2d1eb0 elementor-widget elementor-widget-text-editor\" data-id=\"f2d1eb0\" data-element_type=\"widget\" data-e-type=\"widget\" data-widget_type=\"text-editor.default\">\n\t\t\t\t<div class=\"elementor-widget-container\">\n\t\t\t\t\t\t\t\t\t<h2>Autorisierte Installateure<\/h2>\n<p>\u201eTEAKdecking\u00ae ist in Kroatien, Slowenien und \u00d6sterreich t\u00e4tig und offen f\u00fcr neue Gesch\u00e4ftskooperationen in allen Bereichen. Wir sind bestrebt den ultimativen Kundenservice zu bieten \u2013 daher bem\u00fchen wir uns, autorisierte PlasDECK-Installateure in den Regionen zu haben, in denen wir t\u00e4tig sind.<\/p>\n\t\t\t\t\t\t\t\t<\/div>\n\t\t\t\t<\/div>\n\t\t\t\t\t<\/div>\n\t\t<\/div>\n\t\t\t\t<div class=\"elementor-column elementor-col-33 elementor-top-column elementor-element elementor-element-d0c86f3\" data-id=\"d0c86f3\" data-element_type=\"column\" data-e-type=\"column\">\n\t\t\t<div class=\"elementor-widget-wrap elementor-element-populated\">\n\t\t\t\t\t\t<div class=\"elementor-element elementor-element-c780f36 elementor-widget elementor-widget-heading\" data-id=\"c780f36\" data-element_type=\"widget\" data-e-type=\"widget\" data-widget_type=\"heading.default\">\n\t\t\t\t<div class=\"elementor-widget-container\">\n\t\t\t\t\t<h3 class=\"elementor-heading-title elementor-size-default\">KURS F\u00dcR INSTALLATEURE<\/h3>\t\t\t\t<\/div>\n\t\t\t\t<\/div>\n\t\t\t\t<div class=\"elementor-element elementor-element-216d807 elementor-widget elementor-widget-heading\" data-id=\"216d807\" data-element_type=\"widget\" data-e-type=\"widget\" data-widget_type=\"heading.default\">\n\t\t\t\t<div class=\"elementor-widget-container\">\n\t\t\t\t\t<div class=\"elementor-heading-title elementor-size-default\">Aus Profihand!<\/div>\t\t\t\t<\/div>\n\t\t\t\t<\/div>\n\t\t\t\t<div class=\"elementor-element elementor-element-88734f6 elementor-widget elementor-widget-button\" data-id=\"88734f6\" data-element_type=\"widget\" data-e-type=\"widget\" data-widget_type=\"button.default\">\n\t\t\t\t<div class=\"elementor-widget-container\">\n\t\t\t\t\t\t\t\t\t<div class=\"elementor-button-wrapper\">\n\t\t\t\t\t<a class=\"elementor-button elementor-button-link elementor-size-sm\" href=\"https:\/\/staging.trim-nauticadecking.com\/de\/ueber-uns\/werden-sie-partner\/kurs-fuer-installateure\/\">\n\t\t\t\t\t\t<span class=\"elementor-button-content-wrapper\">\n\t\t\t\t\t\t<span class=\"elementor-button-icon\">\n\t\t\t\t<i aria-hidden=\"true\" class=\"far fa-arrow-circle-right\"><\/i>\t\t\t<\/span>\n\t\t\t\t\t\t\t\t\t<span class=\"elementor-button-text\">DETAILS UND KONTAKT<\/span>\n\t\t\t\t\t<\/span>\n\t\t\t\t\t<\/a>\n\t\t\t\t<\/div>\n\t\t\t\t\t\t\t\t<\/div>\n\t\t\t\t<\/div>\n\t\t\t\t\t<\/div>\n\t\t<\/div>\n\t\t\t\t\t<\/div>\n\t\t<\/section>\n\t\t\t\t<section class=\"elementor-section elementor-top-section elementor-element elementor-element-10b9e52 elementor-section-boxed elementor-section-height-default elementor-section-height-default\" data-id=\"10b9e52\" data-element_type=\"section\" data-e-type=\"section\">\n\t\t\t\t\t\t<div class=\"elementor-container elementor-column-gap-no\">\n\t\t\t\t\t<div class=\"elementor-column elementor-col-66 elementor-top-column elementor-element elementor-element-9b04953\" data-id=\"9b04953\" data-element_type=\"column\" data-e-type=\"column\">\n\t\t\t<div class=\"elementor-widget-wrap elementor-element-populated\">\n\t\t\t\t\t\t<div class=\"elementor-element elementor-element-9d065d8 elementor-widget elementor-widget-text-editor\" data-id=\"9d065d8\" data-element_type=\"widget\" data-e-type=\"widget\" data-widget_type=\"text-editor.default\">\n\t\t\t\t<div class=\"elementor-widget-container\">\n\t\t\t\t\t\t\t\t\t<h2>Verkauf und Vertrieb<\/h2>\n<p>Wir sind auch bereit, m\u00f6gliche gesch\u00e4ftliche Kooperationsanforderungen zu ber\u00fccksichtigen, wenn Sie Ihr Angebot mit unseren Produkten im Vertrieb erweitern m\u00f6chten. Sind Sie interessiert, dann kontaktieren Sie uns \u00fcber das Formular rechts!<\/p>\n\t\t\t\t\t\t\t\t<\/div>\n\t\t\t\t<\/div>\n\t\t\t\t\t<\/div>\n\t\t<\/div>\n\t\t\t\t<div class=\"elementor-column elementor-col-33 elementor-top-column elementor-element elementor-element-17505f8\" data-id=\"17505f8\" data-element_type=\"column\" data-e-type=\"column\">\n\t\t\t<div class=\"elementor-widget-wrap elementor-element-populated\">\n\t\t\t\t\t\t<div class=\"elementor-element elementor-element-588646b elementor-widget elementor-widget-heading\" data-id=\"588646b\" data-element_type=\"widget\" data-e-type=\"widget\" data-widget_type=\"heading.default\">\n\t\t\t\t<div class=\"elementor-widget-container\">\n\t\t\t\t\t<h3 class=\"elementor-heading-title elementor-size-default\">VERKAUF UND VERTRIEB B2B<\/h3>\t\t\t\t<\/div>\n\t\t\t\t<\/div>\n\t\t\t\t<div class=\"elementor-element elementor-element-6504062 elementor-widget elementor-widget-heading\" data-id=\"6504062\" data-element_type=\"widget\" data-e-type=\"widget\" data-widget_type=\"heading.default\">\n\t\t\t\t<div class=\"elementor-widget-container\">\n\t\t\t\t\t<div class=\"elementor-heading-title elementor-size-default\">F\u00fcr alles nautisches, Web und anderen Handel!<\/div>\t\t\t\t<\/div>\n\t\t\t\t<\/div>\n\t\t\t\t<div class=\"elementor-element elementor-element-3b5a41e elementor-widget elementor-widget-button\" data-id=\"3b5a41e\" data-element_type=\"widget\" data-e-type=\"widget\" data-widget_type=\"button.default\">\n\t\t\t\t<div class=\"elementor-widget-container\">\n\t\t\t\t\t\t\t\t\t<div class=\"elementor-button-wrapper\">\n\t\t\t\t\t<a class=\"elementor-button elementor-button-link elementor-size-sm\" href=\"https:\/\/staging.trim-nauticadecking.com\/de\/ueber-uns\/werden-sie-partner\/verkauf-und-vertrieb-b2b\/\">\n\t\t\t\t\t\t<span class=\"elementor-button-content-wrapper\">\n\t\t\t\t\t\t<span class=\"elementor-button-icon\">\n\t\t\t\t<i aria-hidden=\"true\" class=\"far fa-arrow-circle-right\"><\/i>\t\t\t<\/span>\n\t\t\t\t\t\t\t\t\t<span class=\"elementor-button-text\">DETAILS UND KONTAKT<\/span>\n\t\t\t\t\t<\/span>\n\t\t\t\t\t<\/a>\n\t\t\t\t<\/div>\n\t\t\t\t\t\t\t\t<\/div>\n\t\t\t\t<\/div>\n\t\t\t\t\t<\/div>\n\t\t<\/div>\n\t\t\t\t\t<\/div>\n\t\t<\/section>\n\t\t\t\t<section class=\"elementor-section elementor-top-section elementor-element elementor-element-29534b7 zaposlenje elementor-section-boxed elementor-section-height-default elementor-section-height-default\" data-id=\"29534b7\" data-element_type=\"section\" data-e-type=\"section\">\n\t\t\t\t\t\t<div class=\"elementor-container elementor-column-gap-no\">\n\t\t\t\t\t<div class=\"elementor-column elementor-col-66 elementor-top-column elementor-element elementor-element-bb77971\" data-id=\"bb77971\" data-element_type=\"column\" data-e-type=\"column\">\n\t\t\t<div class=\"elementor-widget-wrap elementor-element-populated\">\n\t\t\t\t\t\t<div class=\"elementor-element elementor-element-6426a72 elementor-widget elementor-widget-text-editor\" data-id=\"6426a72\" data-element_type=\"widget\" data-e-type=\"widget\" data-widget_type=\"text-editor.default\">\n\t\t\t\t<div class=\"elementor-widget-container\">\n\t\t\t\t\t\t\t\t\t<p>&nbsp;<\/p>\n<p>&nbsp;<\/p>\n\t\t\t\t\t\t\t\t<\/div>\n\t\t\t\t<\/div>\n\t\t\t\t\t<\/div>\n\t\t<\/div>\n\t\t\t\t<div class=\"elementor-column elementor-col-33 elementor-top-column elementor-element elementor-element-fcba98a\" data-id=\"fcba98a\" data-element_type=\"column\" data-e-type=\"column\">\n\t\t\t<div class=\"elementor-widget-wrap elementor-element-populated\">\n\t\t\t\t\t\t<div class=\"elementor-element elementor-element-19913d9 elementor-widget elementor-widget-heading\" data-id=\"19913d9\" data-element_type=\"widget\" data-e-type=\"widget\" data-widget_type=\"heading.default\">\n\t\t\t\t<div class=\"elementor-widget-container\">\n\t\t\t\t\t<h3 class=\"elementor-heading-title elementor-size-default\"> <\/h3>\t\t\t\t<\/div>\n\t\t\t\t<\/div>\n\t\t\t\t<div class=\"elementor-element elementor-element-cf1e12c elementor-widget elementor-widget-heading\" data-id=\"cf1e12c\" data-element_type=\"widget\" data-e-type=\"widget\" data-widget_type=\"heading.default\">\n\t\t\t\t<div class=\"elementor-widget-container\">\n\t\t\t\t\t<div class=\"elementor-heading-title elementor-size-default\"> <\/div>\t\t\t\t<\/div>\n\t\t\t\t<\/div>\n\t\t\t\t<div class=\"elementor-element elementor-element-d7488d4 elementor-widget elementor-widget-button\" data-id=\"d7488d4\" data-element_type=\"widget\" data-e-type=\"widget\" data-widget_type=\"button.default\">\n\t\t\t\t<div class=\"elementor-widget-container\">\n\t\t\t\t\t\t\t\t\t<div class=\"elementor-button-wrapper\">\n\t\t\t\t\t<a class=\"elementor-button elementor-button-link elementor-size-sm\" href=\"https:\/\/staging.trim-nauticadecking.com\/o-nama\/radite-s-nama\/zaposlenje\/\">\n\t\t\t\t\t\t<span class=\"elementor-button-content-wrapper\">\n\t\t\t\t\t\t<span class=\"elementor-button-icon\">\n\t\t\t\t<i aria-hidden=\"true\" class=\"far fa-arrow-circle-right\"><\/i>\t\t\t<\/span>\n\t\t\t\t\t\t\t\t\t<span class=\"elementor-button-text\"> <\/span>\n\t\t\t\t\t<\/span>\n\t\t\t\t\t<\/a>\n\t\t\t\t<\/div>\n\t\t\t\t\t\t\t\t<\/div>\n\t\t\t\t<\/div>\n\t\t\t\t\t<\/div>\n\t\t<\/div>\n\t\t\t\t\t<\/div>\n\t\t<\/section>\n\t\t\t\t<section class=\"elementor-section elementor-top-section elementor-element elementor-element-e019bfc elementor-section-boxed elementor-section-height-default elementor-section-height-default\" data-id=\"e019bfc\" data-element_type=\"section\" data-e-type=\"section\">\n\t\t\t\t\t\t<div class=\"elementor-container elementor-column-gap-default\">\n\t\t\t\t\t<div class=\"elementor-column elementor-col-100 elementor-top-column elementor-element elementor-element-6a3c694\" data-id=\"6a3c694\" data-element_type=\"column\" data-e-type=\"column\">\n\t\t\t<div class=\"elementor-widget-wrap elementor-element-populated\">\n\t\t\t\t\t\t<div class=\"elementor-element elementor-element-77d080c elementor-widget elementor-widget-html\" data-id=\"77d080c\" data-element_type=\"widget\" data-e-type=\"widget\" data-widget_type=\"html.default\">\n\t\t\t\t<div class=\"elementor-widget-container\">\n\t\t\t\t\t<style type=\"text\/css\">\r\n    .zaposlenje {\r\n        display: none;\r\n    }\r\n<\/style>\t\t\t\t<\/div>\n\t\t\t\t<\/div>\n\t\t\t\t\t<\/div>\n\t\t<\/div>\n\t\t\t\t\t<\/div>\n\t\t<\/section>\n\t\t\t\t<\/div>\n\t\t","protected":false},"excerpt":{"rendered":"<p>Autorisierte Installateure \u201eTEAKdecking\u00ae ist in Kroatien, Slowenien und \u00d6sterreich t\u00e4tig und offen f\u00fcr neue Gesch\u00e4ftskooperationen in allen Bereichen. Wir sind bestrebt den ultimativen Kundenservice zu bieten \u2013 daher bem\u00fchen wir uns, autorisierte PlasDECK-Installateure in den Regionen zu haben, in denen wir t\u00e4tig sind. KURS F\u00dcR INSTALLATEURE Aus Profihand! DETAILS UND KONTAKT Verkauf und Vertrieb Wir [&hellip;]<\/p>\n","protected":false},"author":3,"featured_media":0,"parent":20567,"menu_order":1,"comment_status":"closed","ping_status":"closed","template":"","meta":{"footnotes":""},"class_list":["post-20570","page","type-page","status-publish","hentry"],"yoast_head":"<!-- This site is optimized with the Yoast SEO plugin v27.2 - https:\/\/yoast.com\/product\/yoast-seo-wordpress\/ -->\n<title>WERDEN SIE PARTNER - Teak decking by triM Nautica<\/title>\n<meta name=\"robots\" content=\"noindex, follow, max-snippet:-1, max-image-preview:large, max-video-preview:-1\" \/>\n<meta property=\"og:locale\" content=\"de_DE\" \/>\n<meta property=\"og:type\" content=\"article\" \/>\n<meta property=\"og:title\" content=\"WERDEN SIE PARTNER - Teak decking by triM Nautica\" \/>\n<meta property=\"og:description\" content=\"Autorisierte Installateure \u201eTEAKdecking\u00ae ist in Kroatien, Slowenien und \u00d6sterreich t\u00e4tig und offen f\u00fcr neue Gesch\u00e4ftskooperationen in allen Bereichen. Wir sind bestrebt den ultimativen Kundenservice zu bieten \u2013 daher bem\u00fchen wir uns, autorisierte PlasDECK-Installateure in den Regionen zu haben, in denen wir t\u00e4tig sind. KURS F\u00dcR INSTALLATEURE Aus Profihand! DETAILS UND KONTAKT Verkauf und Vertrieb Wir [&hellip;]\" \/>\n<meta property=\"og:url\" content=\"https:\/\/staging.trim-nauticadecking.com\/de\/ueber-uns\/werden-sie-partner\/\" \/>\n<meta property=\"og:site_name\" content=\"Teak decking by triM Nautica\" \/>\n<meta property=\"article:modified_time\" content=\"2025-03-08T11:45:27+00:00\" \/>\n<meta name=\"twitter:card\" content=\"summary_large_image\" \/>\n<meta name=\"twitter:label1\" content=\"Gesch\u00e4tzte Lesezeit\" \/>\n\t<meta name=\"twitter:data1\" content=\"1\u00a0Minute\" \/>\n<script type=\"application\/ld+json\" class=\"yoast-schema-graph\">{\"@context\":\"https:\/\/schema.org\",\"@graph\":[{\"@type\":\"WebPage\",\"@id\":\"https:\/\/staging.trim-nauticadecking.com\/de\/ueber-uns\/werden-sie-partner\/\",\"url\":\"https:\/\/staging.trim-nauticadecking.com\/de\/ueber-uns\/werden-sie-partner\/\",\"name\":\"WERDEN SIE PARTNER - Teak decking by triM Nautica\",\"isPartOf\":{\"@id\":\"https:\/\/staging.trim-nauticadecking.com\/de\/#website\"},\"datePublished\":\"2021-12-16T15:59:20+00:00\",\"dateModified\":\"2025-03-08T11:45:27+00:00\",\"breadcrumb\":{\"@id\":\"https:\/\/staging.trim-nauticadecking.com\/de\/ueber-uns\/werden-sie-partner\/#breadcrumb\"},\"inLanguage\":\"de\",\"potentialAction\":[{\"@type\":\"ReadAction\",\"target\":[\"https:\/\/staging.trim-nauticadecking.com\/de\/ueber-uns\/werden-sie-partner\/\"]}]},{\"@type\":\"BreadcrumbList\",\"@id\":\"https:\/\/staging.trim-nauticadecking.com\/de\/ueber-uns\/werden-sie-partner\/#breadcrumb\",\"itemListElement\":[{\"@type\":\"ListItem\",\"position\":1,\"name\":\"Po\u010detna stranica\",\"item\":\"https:\/\/staging.trim-nauticadecking.com\/de\/\"},{\"@type\":\"ListItem\",\"position\":2,\"name\":\"\u00dcber uns\",\"item\":\"https:\/\/staging.trim-nauticadecking.com\/de\/ueber-uns\/\"},{\"@type\":\"ListItem\",\"position\":3,\"name\":\"WERDEN SIE PARTNER\"}]},{\"@type\":\"WebSite\",\"@id\":\"https:\/\/staging.trim-nauticadecking.com\/de\/#website\",\"url\":\"https:\/\/staging.trim-nauticadecking.com\/de\/\",\"name\":\"Teak decking by triM Nautica\",\"description\":\"K\u00fcnstliches Teakholz | TEAK-Decks \u2013 k\u00fcnstliches Teakholz | PlasDECK | Installation\",\"publisher\":{\"@id\":\"https:\/\/staging.trim-nauticadecking.com\/de\/#organization\"},\"potentialAction\":[{\"@type\":\"SearchAction\",\"target\":{\"@type\":\"EntryPoint\",\"urlTemplate\":\"https:\/\/staging.trim-nauticadecking.com\/de\/?s={search_term_string}\"},\"query-input\":{\"@type\":\"PropertyValueSpecification\",\"valueRequired\":true,\"valueName\":\"search_term_string\"}}],\"inLanguage\":\"de\"},{\"@type\":\"Organization\",\"@id\":\"https:\/\/staging.trim-nauticadecking.com\/de\/#organization\",\"name\":\"Teak decking by triM Nautica\",\"url\":\"https:\/\/staging.trim-nauticadecking.com\/de\/\",\"logo\":{\"@type\":\"ImageObject\",\"inLanguage\":\"de\",\"@id\":\"https:\/\/staging.trim-nauticadecking.com\/de\/#\/schema\/logo\/image\/\",\"url\":\"https:\/\/staging.trim-nauticadecking.com\/wp-content\/uploads\/2021\/08\/Teak-Decking-logo-185x40px.svg\",\"contentUrl\":\"https:\/\/staging.trim-nauticadecking.com\/wp-content\/uploads\/2021\/08\/Teak-Decking-logo-185x40px.svg\",\"width\":100,\"height\":100,\"caption\":\"Teak decking by triM Nautica\"},\"image\":{\"@id\":\"https:\/\/staging.trim-nauticadecking.com\/de\/#\/schema\/logo\/image\/\"}}]}<\/script>\n<!-- \/ Yoast SEO plugin. -->","yoast_head_json":{"title":"WERDEN SIE PARTNER - Teak decking by triM Nautica","robots":{"index":"noindex","follow":"follow","max-snippet":"max-snippet:-1","max-image-preview":"max-image-preview:large","max-video-preview":"max-video-preview:-1"},"og_locale":"de_DE","og_type":"article","og_title":"WERDEN SIE PARTNER - Teak decking by triM Nautica","og_description":"Autorisierte Installateure \u201eTEAKdecking\u00ae ist in Kroatien, Slowenien und \u00d6sterreich t\u00e4tig und offen f\u00fcr neue Gesch\u00e4ftskooperationen in allen Bereichen. Wir sind bestrebt den ultimativen Kundenservice zu bieten \u2013 daher bem\u00fchen wir uns, autorisierte PlasDECK-Installateure in den Regionen zu haben, in denen wir t\u00e4tig sind. KURS F\u00dcR INSTALLATEURE Aus Profihand! DETAILS UND KONTAKT Verkauf und Vertrieb Wir [&hellip;]","og_url":"https:\/\/staging.trim-nauticadecking.com\/de\/ueber-uns\/werden-sie-partner\/","og_site_name":"Teak decking by triM Nautica","article_modified_time":"2025-03-08T11:45:27+00:00","twitter_card":"summary_large_image","twitter_misc":{"Gesch\u00e4tzte Lesezeit":"1\u00a0Minute"},"schema":{"@context":"https:\/\/schema.org","@graph":[{"@type":"WebPage","@id":"https:\/\/staging.trim-nauticadecking.com\/de\/ueber-uns\/werden-sie-partner\/","url":"https:\/\/staging.trim-nauticadecking.com\/de\/ueber-uns\/werden-sie-partner\/","name":"WERDEN SIE PARTNER - Teak decking by triM Nautica","isPartOf":{"@id":"https:\/\/staging.trim-nauticadecking.com\/de\/#website"},"datePublished":"2021-12-16T15:59:20+00:00","dateModified":"2025-03-08T11:45:27+00:00","breadcrumb":{"@id":"https:\/\/staging.trim-nauticadecking.com\/de\/ueber-uns\/werden-sie-partner\/#breadcrumb"},"inLanguage":"de","potentialAction":[{"@type":"ReadAction","target":["https:\/\/staging.trim-nauticadecking.com\/de\/ueber-uns\/werden-sie-partner\/"]}]},{"@type":"BreadcrumbList","@id":"https:\/\/staging.trim-nauticadecking.com\/de\/ueber-uns\/werden-sie-partner\/#breadcrumb","itemListElement":[{"@type":"ListItem","position":1,"name":"Po\u010detna stranica","item":"https:\/\/staging.trim-nauticadecking.com\/de\/"},{"@type":"ListItem","position":2,"name":"\u00dcber uns","item":"https:\/\/staging.trim-nauticadecking.com\/de\/ueber-uns\/"},{"@type":"ListItem","position":3,"name":"WERDEN SIE PARTNER"}]},{"@type":"WebSite","@id":"https:\/\/staging.trim-nauticadecking.com\/de\/#website","url":"https:\/\/staging.trim-nauticadecking.com\/de\/","name":"Teak decking by triM Nautica","description":"K\u00fcnstliches Teakholz | TEAK-Decks \u2013 k\u00fcnstliches Teakholz | PlasDECK | Installation","publisher":{"@id":"https:\/\/staging.trim-nauticadecking.com\/de\/#organization"},"potentialAction":[{"@type":"SearchAction","target":{"@type":"EntryPoint","urlTemplate":"https:\/\/staging.trim-nauticadecking.com\/de\/?s={search_term_string}"},"query-input":{"@type":"PropertyValueSpecification","valueRequired":true,"valueName":"search_term_string"}}],"inLanguage":"de"},{"@type":"Organization","@id":"https:\/\/staging.trim-nauticadecking.com\/de\/#organization","name":"Teak decking by triM Nautica","url":"https:\/\/staging.trim-nauticadecking.com\/de\/","logo":{"@type":"ImageObject","inLanguage":"de","@id":"https:\/\/staging.trim-nauticadecking.com\/de\/#\/schema\/logo\/image\/","url":"https:\/\/staging.trim-nauticadecking.com\/wp-content\/uploads\/2021\/08\/Teak-Decking-logo-185x40px.svg","contentUrl":"https:\/\/staging.trim-nauticadecking.com\/wp-content\/uploads\/2021\/08\/Teak-Decking-logo-185x40px.svg","width":100,"height":100,"caption":"Teak decking by triM Nautica"},"image":{"@id":"https:\/\/staging.trim-nauticadecking.com\/de\/#\/schema\/logo\/image\/"}}]}},"_links":{"self":[{"href":"https:\/\/staging.trim-nauticadecking.com\/de\/wp-json\/wp\/v2\/pages\/20570","targetHints":{"allow":["GET"]}}],"collection":[{"href":"https:\/\/staging.trim-nauticadecking.com\/de\/wp-json\/wp\/v2\/pages"}],"about":[{"href":"https:\/\/staging.trim-nauticadecking.com\/de\/wp-json\/wp\/v2\/types\/page"}],"author":[{"embeddable":true,"href":"https:\/\/staging.trim-nauticadecking.com\/de\/wp-json\/wp\/v2\/users\/3"}],"replies":[{"embeddable":true,"href":"https:\/\/staging.trim-nauticadecking.com\/de\/wp-json\/wp\/v2\/comments?post=20570"}],"version-history":[{"count":5,"href":"https:\/\/staging.trim-nauticadecking.com\/de\/wp-json\/wp\/v2\/pages\/20570\/revisions"}],"predecessor-version":[{"id":21998,"href":"https:\/\/staging.trim-nauticadecking.com\/de\/wp-json\/wp\/v2\/pages\/20570\/revisions\/21998"}],"up":[{"embeddable":true,"href":"https:\/\/staging.trim-nauticadecking.com\/de\/wp-json\/wp\/v2\/pages\/20567"}],"wp:attachment":[{"href":"https:\/\/staging.trim-nauticadecking.com\/de\/wp-json\/wp\/v2\/media?parent=20570"}],"curies":[{"name":"wp","href":"https:\/\/api.w.org\/{rel}","templated":true}]}}