{"id":20564,"date":"2021-12-16T15:57:57","date_gmt":"2021-12-16T15:57:57","guid":{"rendered":"https:\/\/teakdecking.pro\/info\/5-jahre-garantie\/"},"modified":"2022-02-16T12:01:25","modified_gmt":"2022-02-16T12:01:25","slug":"5-jahre-garantie","status":"publish","type":"page","link":"https:\/\/staging.trim-nauticadecking.com\/de\/info\/5-jahre-garantie\/","title":{"rendered":"5 JAHRE GARANTIE"},"content":{"rendered":"\t\t<div data-elementor-type=\"wp-page\" data-elementor-id=\"20564\" class=\"elementor elementor-20564 elementor-213\" data-elementor-post-type=\"page\">\n\t\t\t\t\t\t<section class=\"elementor-section elementor-top-section elementor-element elementor-element-a3e64ba elementor-section-boxed elementor-section-height-default elementor-section-height-default\" data-id=\"a3e64ba\" data-element_type=\"section\" data-e-type=\"section\">\n\t\t\t\t\t\t<div class=\"elementor-container elementor-column-gap-no\">\n\t\t\t\t\t<div class=\"elementor-column elementor-col-100 elementor-top-column elementor-element elementor-element-0fec2d6\" data-id=\"0fec2d6\" data-element_type=\"column\" data-e-type=\"column\">\n\t\t\t<div class=\"elementor-widget-wrap elementor-element-populated\">\n\t\t\t\t\t\t<div class=\"elementor-element elementor-element-813a9d4 elementor-widget elementor-widget-text-editor\" data-id=\"813a9d4\" data-element_type=\"widget\" data-e-type=\"widget\" data-widget_type=\"text-editor.default\">\n\t\t\t\t<div class=\"elementor-widget-container\">\n\t\t\t\t\t\t\t\t\t<h2>5 JAHRE GARANTIE\u00a0 BEI TEAKDECKING SYNTHETISCHEM TEAKHOLZ AUF BOOTEN<\/h2>\n<p>TEAKdecking bietet seinem K\u00e4ufer f\u00fcnf (5) Jahre Garantie ab Kaufdatum. W\u00e4hrend dieser Zeit wird das Produkt frei von Fehlern in Material und Verarbeitung sein. Es wird nicht brechen, rei\u00dfen, abbl\u00e4ttern, faulen oder Sch\u00e4den durch Insekten die das Holz angreifen haben. Materialien, die aufgrund von unsachgem\u00e4\u00dfer Installation besch\u00e4digt oder gerissen sind, unterliegen nicht der Gew\u00e4hrleistung.<\/p>\n<p>TEAKdecking verpflichtet sich seine Produkte auszutauschen, f\u00fcr die nachgewiesen werden kann, dass sie tats\u00e4chlich fehlerhaft sind. Dabei\u00a0 unterliegt es keiner Haftung und Verantwortung f\u00fcr finanzielle Verluste oder Sch\u00e4den die daraus resultierten k\u00f6nnten.<\/p>\n<p>TEAKdecking \u00fcbernimmt keine Garantie f\u00fcr die Eignung des Materials zur Anwendung ohne vorherige Pr\u00fcfung mit dem Kaufbeleg schriftlich erfolgen.<\/p>\n<p>Alle Anforderungen dieser begrenzten Garantie m\u00fcssen innerhalb von f\u00fcnf (5) Jahren ab dem Kauf von TEAKdecking erfolgen \u2013 schriftlich, mit Kaufbeleg, R\u00fccksendung des defekten Produkts, vorausbezahlter Fracht, an TEAKdecking. Ersatz wird geliefert wo man die Fracht selbst abholen kann.<\/p>\n<p>Die Waren m\u00fcssen bei der Ankunft gepr\u00fcft und in Rechnung gestellt werden. Sch\u00e4den an der Ladung oder M\u00e4ngel m\u00fcssen beim Empf\u00e4nger aufgezeichnet werden \/ BOL.<\/p>\n<p>Die oben genannten beschr\u00e4nkten Garantien sind die einzigen und ausnehmenden Garantien, die Ihnen angeboten werden. ES GIBT KEINE ANDEREN AUSDR\u00dcCKLICHEN GEW\u00c4HRLEISTUNGEN. EINSLIESSLICH ALLER IMPLIZIETEN GEW\u00c4HRLEISTUNGEN, ABER OHNE BESCHR\u00c4NKUNG AUF GEW\u00c4HRLEISTUNGEN \u00dcBER DAS EIGENTUM DER MARKTG\u00c4NGIGKEIT UND EIGNUNG F\u00dcR EINEN BESTIMMTEN ZWECK ODER DIE NUTZUNG DES EXKLUSIVS. PLASDECK HAFTET IN KEINEM FALL F\u00dcR NEBEN- ODER FOLGESCH\u00c4DEN.<\/p>\n\t\t\t\t\t\t\t\t<\/div>\n\t\t\t\t<\/div>\n\t\t\t\t\t<\/div>\n\t\t<\/div>\n\t\t\t\t\t<\/div>\n\t\t<\/section>\n\t\t\t\t<\/div>\n\t\t","protected":false},"excerpt":{"rendered":"<p>5 JAHRE GARANTIE\u00a0 BEI TEAKDECKING SYNTHETISCHEM TEAKHOLZ AUF BOOTEN TEAKdecking bietet seinem K\u00e4ufer f\u00fcnf (5) Jahre Garantie ab Kaufdatum. W\u00e4hrend dieser Zeit wird das Produkt frei von Fehlern in Material und Verarbeitung sein. Es wird nicht brechen, rei\u00dfen, abbl\u00e4ttern, faulen oder Sch\u00e4den durch Insekten die das Holz angreifen haben. Materialien, die aufgrund von unsachgem\u00e4\u00dfer Installation [&hellip;]<\/p>\n","protected":false},"author":3,"featured_media":20366,"parent":20557,"menu_order":3,"comment_status":"closed","ping_status":"closed","template":"","meta":{"footnotes":""},"class_list":["post-20564","page","type-page","status-publish","has-post-thumbnail","hentry"],"yoast_head":"<!-- This site is optimized with the Yoast SEO plugin v27.2 - https:\/\/yoast.com\/product\/yoast-seo-wordpress\/ -->\n<title>5 JAHRE GARANTIE - Teak decking by triM Nautica<\/title>\n<meta name=\"robots\" content=\"noindex, follow, max-snippet:-1, max-image-preview:large, max-video-preview:-1\" \/>\n<meta property=\"og:locale\" content=\"de_DE\" \/>\n<meta property=\"og:type\" content=\"article\" \/>\n<meta property=\"og:title\" content=\"5 JAHRE GARANTIE - Teak decking by triM Nautica\" \/>\n<meta property=\"og:description\" content=\"5 JAHRE GARANTIE\u00a0 BEI TEAKDECKING SYNTHETISCHEM TEAKHOLZ AUF BOOTEN TEAKdecking bietet seinem K\u00e4ufer f\u00fcnf (5) Jahre Garantie ab Kaufdatum. W\u00e4hrend dieser Zeit wird das Produkt frei von Fehlern in Material und Verarbeitung sein. Es wird nicht brechen, rei\u00dfen, abbl\u00e4ttern, faulen oder Sch\u00e4den durch Insekten die das Holz angreifen haben. Materialien, die aufgrund von unsachgem\u00e4\u00dfer Installation [&hellip;]\" \/>\n<meta property=\"og:url\" content=\"https:\/\/staging.trim-nauticadecking.com\/de\/info\/5-jahre-garantie\/\" \/>\n<meta property=\"og:site_name\" content=\"Teak decking by triM Nautica\" \/>\n<meta property=\"article:modified_time\" content=\"2022-02-16T12:01:25+00:00\" \/>\n<meta property=\"og:image\" content=\"https:\/\/staging.trim-nauticadecking.com\/wp-content\/uploads\/2022\/01\/file-9-002-edit.jpg\" \/>\n\t<meta property=\"og:image:width\" content=\"2048\" \/>\n\t<meta property=\"og:image:height\" content=\"1050\" \/>\n\t<meta property=\"og:image:type\" content=\"image\/jpeg\" \/>\n<meta name=\"twitter:card\" content=\"summary_large_image\" \/>\n<meta name=\"twitter:label1\" content=\"Gesch\u00e4tzte Lesezeit\" \/>\n\t<meta name=\"twitter:data1\" content=\"1\u00a0Minute\" \/>\n<script type=\"application\/ld+json\" class=\"yoast-schema-graph\">{\"@context\":\"https:\/\/schema.org\",\"@graph\":[{\"@type\":\"WebPage\",\"@id\":\"https:\/\/staging.trim-nauticadecking.com\/de\/info\/5-jahre-garantie\/\",\"url\":\"https:\/\/staging.trim-nauticadecking.com\/de\/info\/5-jahre-garantie\/\",\"name\":\"5 JAHRE GARANTIE - Teak decking by triM Nautica\",\"isPartOf\":{\"@id\":\"https:\/\/staging.trim-nauticadecking.com\/de\/#website\"},\"primaryImageOfPage\":{\"@id\":\"https:\/\/staging.trim-nauticadecking.com\/de\/info\/5-jahre-garantie\/#primaryimage\"},\"image\":{\"@id\":\"https:\/\/staging.trim-nauticadecking.com\/de\/info\/5-jahre-garantie\/#primaryimage\"},\"thumbnailUrl\":\"https:\/\/staging.trim-nauticadecking.com\/wp-content\/uploads\/2022\/01\/file-9-002-edit.jpg\",\"datePublished\":\"2021-12-16T15:57:57+00:00\",\"dateModified\":\"2022-02-16T12:01:25+00:00\",\"breadcrumb\":{\"@id\":\"https:\/\/staging.trim-nauticadecking.com\/de\/info\/5-jahre-garantie\/#breadcrumb\"},\"inLanguage\":\"de\",\"potentialAction\":[{\"@type\":\"ReadAction\",\"target\":[\"https:\/\/staging.trim-nauticadecking.com\/de\/info\/5-jahre-garantie\/\"]}]},{\"@type\":\"ImageObject\",\"inLanguage\":\"de\",\"@id\":\"https:\/\/staging.trim-nauticadecking.com\/de\/info\/5-jahre-garantie\/#primaryimage\",\"url\":\"https:\/\/staging.trim-nauticadecking.com\/wp-content\/uploads\/2022\/01\/file-9-002-edit.jpg\",\"contentUrl\":\"https:\/\/staging.trim-nauticadecking.com\/wp-content\/uploads\/2022\/01\/file-9-002-edit.jpg\",\"width\":2048,\"height\":1050},{\"@type\":\"BreadcrumbList\",\"@id\":\"https:\/\/staging.trim-nauticadecking.com\/de\/info\/5-jahre-garantie\/#breadcrumb\",\"itemListElement\":[{\"@type\":\"ListItem\",\"position\":1,\"name\":\"Po\u010detna stranica\",\"item\":\"https:\/\/staging.trim-nauticadecking.com\/de\/\"},{\"@type\":\"ListItem\",\"position\":2,\"name\":\"Info\",\"item\":\"https:\/\/staging.trim-nauticadecking.com\/de\/info\/\"},{\"@type\":\"ListItem\",\"position\":3,\"name\":\"5 JAHRE GARANTIE\"}]},{\"@type\":\"WebSite\",\"@id\":\"https:\/\/staging.trim-nauticadecking.com\/de\/#website\",\"url\":\"https:\/\/staging.trim-nauticadecking.com\/de\/\",\"name\":\"Teak decking by triM Nautica\",\"description\":\"K\u00fcnstliches Teakholz | TEAK-Decks \u2013 k\u00fcnstliches Teakholz | PlasDECK | Installation\",\"publisher\":{\"@id\":\"https:\/\/staging.trim-nauticadecking.com\/de\/#organization\"},\"potentialAction\":[{\"@type\":\"SearchAction\",\"target\":{\"@type\":\"EntryPoint\",\"urlTemplate\":\"https:\/\/staging.trim-nauticadecking.com\/de\/?s={search_term_string}\"},\"query-input\":{\"@type\":\"PropertyValueSpecification\",\"valueRequired\":true,\"valueName\":\"search_term_string\"}}],\"inLanguage\":\"de\"},{\"@type\":\"Organization\",\"@id\":\"https:\/\/staging.trim-nauticadecking.com\/de\/#organization\",\"name\":\"Teak decking by triM Nautica\",\"url\":\"https:\/\/staging.trim-nauticadecking.com\/de\/\",\"logo\":{\"@type\":\"ImageObject\",\"inLanguage\":\"de\",\"@id\":\"https:\/\/staging.trim-nauticadecking.com\/de\/#\/schema\/logo\/image\/\",\"url\":\"https:\/\/staging.trim-nauticadecking.com\/wp-content\/uploads\/2021\/08\/Teak-Decking-logo-185x40px.svg\",\"contentUrl\":\"https:\/\/staging.trim-nauticadecking.com\/wp-content\/uploads\/2021\/08\/Teak-Decking-logo-185x40px.svg\",\"width\":100,\"height\":100,\"caption\":\"Teak decking by triM Nautica\"},\"image\":{\"@id\":\"https:\/\/staging.trim-nauticadecking.com\/de\/#\/schema\/logo\/image\/\"}}]}<\/script>\n<!-- \/ Yoast SEO plugin. -->","yoast_head_json":{"title":"5 JAHRE GARANTIE - Teak decking by triM Nautica","robots":{"index":"noindex","follow":"follow","max-snippet":"max-snippet:-1","max-image-preview":"max-image-preview:large","max-video-preview":"max-video-preview:-1"},"og_locale":"de_DE","og_type":"article","og_title":"5 JAHRE GARANTIE - Teak decking by triM Nautica","og_description":"5 JAHRE GARANTIE\u00a0 BEI TEAKDECKING SYNTHETISCHEM TEAKHOLZ AUF BOOTEN TEAKdecking bietet seinem K\u00e4ufer f\u00fcnf (5) Jahre Garantie ab Kaufdatum. W\u00e4hrend dieser Zeit wird das Produkt frei von Fehlern in Material und Verarbeitung sein. Es wird nicht brechen, rei\u00dfen, abbl\u00e4ttern, faulen oder Sch\u00e4den durch Insekten die das Holz angreifen haben. Materialien, die aufgrund von unsachgem\u00e4\u00dfer Installation [&hellip;]","og_url":"https:\/\/staging.trim-nauticadecking.com\/de\/info\/5-jahre-garantie\/","og_site_name":"Teak decking by triM Nautica","article_modified_time":"2022-02-16T12:01:25+00:00","og_image":[{"width":2048,"height":1050,"url":"https:\/\/staging.trim-nauticadecking.com\/wp-content\/uploads\/2022\/01\/file-9-002-edit.jpg","type":"image\/jpeg"}],"twitter_card":"summary_large_image","twitter_misc":{"Gesch\u00e4tzte Lesezeit":"1\u00a0Minute"},"schema":{"@context":"https:\/\/schema.org","@graph":[{"@type":"WebPage","@id":"https:\/\/staging.trim-nauticadecking.com\/de\/info\/5-jahre-garantie\/","url":"https:\/\/staging.trim-nauticadecking.com\/de\/info\/5-jahre-garantie\/","name":"5 JAHRE GARANTIE - Teak decking by triM Nautica","isPartOf":{"@id":"https:\/\/staging.trim-nauticadecking.com\/de\/#website"},"primaryImageOfPage":{"@id":"https:\/\/staging.trim-nauticadecking.com\/de\/info\/5-jahre-garantie\/#primaryimage"},"image":{"@id":"https:\/\/staging.trim-nauticadecking.com\/de\/info\/5-jahre-garantie\/#primaryimage"},"thumbnailUrl":"https:\/\/staging.trim-nauticadecking.com\/wp-content\/uploads\/2022\/01\/file-9-002-edit.jpg","datePublished":"2021-12-16T15:57:57+00:00","dateModified":"2022-02-16T12:01:25+00:00","breadcrumb":{"@id":"https:\/\/staging.trim-nauticadecking.com\/de\/info\/5-jahre-garantie\/#breadcrumb"},"inLanguage":"de","potentialAction":[{"@type":"ReadAction","target":["https:\/\/staging.trim-nauticadecking.com\/de\/info\/5-jahre-garantie\/"]}]},{"@type":"ImageObject","inLanguage":"de","@id":"https:\/\/staging.trim-nauticadecking.com\/de\/info\/5-jahre-garantie\/#primaryimage","url":"https:\/\/staging.trim-nauticadecking.com\/wp-content\/uploads\/2022\/01\/file-9-002-edit.jpg","contentUrl":"https:\/\/staging.trim-nauticadecking.com\/wp-content\/uploads\/2022\/01\/file-9-002-edit.jpg","width":2048,"height":1050},{"@type":"BreadcrumbList","@id":"https:\/\/staging.trim-nauticadecking.com\/de\/info\/5-jahre-garantie\/#breadcrumb","itemListElement":[{"@type":"ListItem","position":1,"name":"Po\u010detna stranica","item":"https:\/\/staging.trim-nauticadecking.com\/de\/"},{"@type":"ListItem","position":2,"name":"Info","item":"https:\/\/staging.trim-nauticadecking.com\/de\/info\/"},{"@type":"ListItem","position":3,"name":"5 JAHRE GARANTIE"}]},{"@type":"WebSite","@id":"https:\/\/staging.trim-nauticadecking.com\/de\/#website","url":"https:\/\/staging.trim-nauticadecking.com\/de\/","name":"Teak decking by triM Nautica","description":"K\u00fcnstliches Teakholz | TEAK-Decks \u2013 k\u00fcnstliches Teakholz | PlasDECK | Installation","publisher":{"@id":"https:\/\/staging.trim-nauticadecking.com\/de\/#organization"},"potentialAction":[{"@type":"SearchAction","target":{"@type":"EntryPoint","urlTemplate":"https:\/\/staging.trim-nauticadecking.com\/de\/?s={search_term_string}"},"query-input":{"@type":"PropertyValueSpecification","valueRequired":true,"valueName":"search_term_string"}}],"inLanguage":"de"},{"@type":"Organization","@id":"https:\/\/staging.trim-nauticadecking.com\/de\/#organization","name":"Teak decking by triM Nautica","url":"https:\/\/staging.trim-nauticadecking.com\/de\/","logo":{"@type":"ImageObject","inLanguage":"de","@id":"https:\/\/staging.trim-nauticadecking.com\/de\/#\/schema\/logo\/image\/","url":"https:\/\/staging.trim-nauticadecking.com\/wp-content\/uploads\/2021\/08\/Teak-Decking-logo-185x40px.svg","contentUrl":"https:\/\/staging.trim-nauticadecking.com\/wp-content\/uploads\/2021\/08\/Teak-Decking-logo-185x40px.svg","width":100,"height":100,"caption":"Teak decking by triM Nautica"},"image":{"@id":"https:\/\/staging.trim-nauticadecking.com\/de\/#\/schema\/logo\/image\/"}}]}},"_links":{"self":[{"href":"https:\/\/staging.trim-nauticadecking.com\/de\/wp-json\/wp\/v2\/pages\/20564","targetHints":{"allow":["GET"]}}],"collection":[{"href":"https:\/\/staging.trim-nauticadecking.com\/de\/wp-json\/wp\/v2\/pages"}],"about":[{"href":"https:\/\/staging.trim-nauticadecking.com\/de\/wp-json\/wp\/v2\/types\/page"}],"author":[{"embeddable":true,"href":"https:\/\/staging.trim-nauticadecking.com\/de\/wp-json\/wp\/v2\/users\/3"}],"replies":[{"embeddable":true,"href":"https:\/\/staging.trim-nauticadecking.com\/de\/wp-json\/wp\/v2\/comments?post=20564"}],"version-history":[{"count":1,"href":"https:\/\/staging.trim-nauticadecking.com\/de\/wp-json\/wp\/v2\/pages\/20564\/revisions"}],"predecessor-version":[{"id":20807,"href":"https:\/\/staging.trim-nauticadecking.com\/de\/wp-json\/wp\/v2\/pages\/20564\/revisions\/20807"}],"up":[{"embeddable":true,"href":"https:\/\/staging.trim-nauticadecking.com\/de\/wp-json\/wp\/v2\/pages\/20557"}],"wp:featuredmedia":[{"embeddable":true,"href":"https:\/\/staging.trim-nauticadecking.com\/de\/wp-json\/wp\/v2\/media\/20366"}],"wp:attachment":[{"href":"https:\/\/staging.trim-nauticadecking.com\/de\/wp-json\/wp\/v2\/media?parent=20564"}],"curies":[{"name":"wp","href":"https:\/\/api.w.org\/{rel}","templated":true}]}}