{"id":20562,"date":"2021-12-16T15:57:39","date_gmt":"2021-12-16T15:57:39","guid":{"rendered":"https:\/\/teakdecking.pro\/info\/reparatur-und-wartung\/"},"modified":"2022-02-16T11:49:03","modified_gmt":"2022-02-16T11:49:03","slug":"reparatur-und-wartung","status":"publish","type":"page","link":"https:\/\/staging.trim-nauticadecking.com\/de\/info\/reparatur-und-wartung\/","title":{"rendered":"REPARATUR UND WARTUNG"},"content":{"rendered":"\t\t<div data-elementor-type=\"wp-page\" data-elementor-id=\"20562\" class=\"elementor elementor-20562 elementor-211\" data-elementor-post-type=\"page\">\n\t\t\t\t\t\t<section class=\"elementor-section elementor-top-section elementor-element elementor-element-0ab96fa elementor-section-boxed elementor-section-height-default elementor-section-height-default\" data-id=\"0ab96fa\" data-element_type=\"section\" data-e-type=\"section\">\n\t\t\t\t\t\t<div class=\"elementor-container elementor-column-gap-no\">\n\t\t\t\t\t<div class=\"elementor-column elementor-col-100 elementor-top-column elementor-element elementor-element-7a18ba6\" data-id=\"7a18ba6\" data-element_type=\"column\" data-e-type=\"column\">\n\t\t\t<div class=\"elementor-widget-wrap elementor-element-populated\">\n\t\t\t\t\t\t<div class=\"elementor-element elementor-element-7231ae7 elementor-widget elementor-widget-text-editor\" data-id=\"7231ae7\" data-element_type=\"widget\" data-e-type=\"widget\" data-widget_type=\"text-editor.default\">\n\t\t\t\t<div class=\"elementor-widget-container\">\n\t\t\t\t\t\t\t\t\t<h2>DIE REPARATUR UND WARTUNG VON BOOTEN GEDECKT MIT PLASDECK SYNTHETISCHEM TEAK IST SEHR EINFACH.<\/h2>\n<p>Da PlasDECK ein Kunststoffprodukt ist, erfordert es keine Wartung, die echtes Teakholz erfordern w\u00fcrde und es ist einfach zu reinigen. Es ist nicht notwendig, irgendwelche sch\u00fctzenden Substanzen, \u00d6le oder andere Produkte zu verwenden, um den Look zu erhalten. Fischblut, Essensreste, Getr\u00e4nke und Schmutz k\u00f6nnen leicht abgewaschen werden. Unser Unternehmen bietet 5 Jahre PlasDECK Materialgarantie.<\/p>\n<p>Hier sind einige praktische und n\u00fctzliche Pflege- und Reinigungstipps von PlasDECK.<\/p>\n<h3>Hochdruckreiniger!<\/h3>\n<p>Sie k\u00f6nnen einen kleinen Haushalts-Hochdruckreiniger (ca. 1500 psi) verwenden, um R\u00fcckst\u00e4nde von der PlasDECK Teak-Oberfl\u00e4che zu entfernen.<\/p>\n<h3>Shampoo!<\/h3>\n<p>Shampoos, die zum Waschen von Booten verwendet werden, k\u00f6nnen zum Reinigen von Schmutz verwendet werden.<br \/>\nEssensreste, insbesondere einige fetthaltige Lebensmittel, sollten mit einem Entfetter, wie K\u00fcchenreiniger, gereinigt werden.<br \/>\nWeil PlasDECK aus PVC ist, ist es empfindlich auf \u00d6l, Gas, Diesel und Aceton. Wenn so etwas vergossen wird, sollte es gr\u00fcndlich mit einem Reinigungsmittel wie Geschirrsp\u00fclmittel oder Bootsreinigungsmittel gereinigt werden.<\/p>\n<h3>B\u00fcrste!<\/h3>\n<p>Eine harte B\u00fcrste ist oft n\u00fctzlich, um hartn\u00e4ckigen Schmutz von der Oberfl\u00e4che des Decks zu entfernen. Wenn es notwendig ist, ist es auch m\u00f6glich, eine grobe B\u00fcrste zu verwenden.<br \/>\nWICHTIG: Wenn Sie eine grobe B\u00fcrste verwenden, waschen Sie immer in Richtung Holztextur.<\/p>\n<h3>Schleifen!<\/h3>\n<p>Kratzer, Zigarettenflecken oder wirklich hartn\u00e4ckige, getrocknete Flecken, k\u00f6nnen Sie einfach mit Schmirgelpapier 40 abschleifen.<br \/>\nEbenso, wenn der Bereich aus irgendeinem Grund leicht abgenutzt ist, kann die Textur des Teakholzes durch leichtes Schleifen wiederhergestellt werden, damit die Textur des Holzes aufkommt. Achten Sie darauf, mit kurzen Bewegungen in Richtung des Korns zu schleifen.<br \/>\nBenutzen Sie eine Hei\u00dfluftpistole oder lassen Sie die Sonne Ihr Deck w\u00e4rmen, damit die Hitze die Farbt\u00f6ne wieder in allen Bereichen vermischen kann, die w\u00e4hrend des Schleifprozesses aufgehellt wurden. Verwenden Sie keine elektrischen Schleifer auf Ihrem PlasDECK!<br \/>\nEs besteht die M\u00f6glichkeit, das PlasDECK das Aussehen von Teak verliert.<\/p>\n<h3>Flicken!<\/h3>\n<p>Ein Flicken kann verwendet werden, um schwere Sch\u00e4den am Deck zu beheben. F\u00fcr weitere Informationen kontaktieren Sie uns bitte.<\/p>\n<h3>Nicht!<\/h3>\n<p>Tragen Sie keine Schuhe mit schwarzen Sohlen auf PlasDECK Kunstteak<br \/>\nSchuhe mit so einer Sohle k\u00f6nnen Kratzer auf jeder Oberfl\u00e4che hinterlassen. Tragen Sie Schuhe f\u00fcr Boote oder gehen Sie ohne Schuhe. Mit der Anti-Rutsch-Oberfl\u00e4che von PlasDECK m\u00fcssen Sie sich keine Sorgen machen, wenn die Oberfl\u00e4che nass wird.<\/p>\n<p>Legen Sie <strong>KEINE<\/strong> \u00d6le, Lacke, Farben oder Dichtungen auf Ihr PlasDECK Teak! Darum haben Sie PlasDECK k\u00fcnstliches Teak gew\u00e4hlt anstatt echtem Teak! PlasDECK-Composite-Teak muss nicht gesch\u00fctzt werden und erfordert keine Wartung.<\/p>\n<h3>UPS<strong> \u2026!<\/strong><\/h3>\n<p>Wie bei jedem Deck, so auch beiTeakdeck \u2013 keine hei\u00dfen Metalle oder andere hei\u00dfe Gegenst\u00e4nde draufstellen.<br \/>\nSie werden zustimmen, dass Ihr Teakdeck mit minimalem Aufwand seinen klassischen Look f\u00fcr viele Jahre beibehalten kann.<br \/>\nNiemand ist perfekt und es kann zu Sch\u00e4den an PlasDECK Teak kommen. Mit ein wenig Geduld, ist die PlasDECK-Reparatur einfach. Falls Sie eine spezifische Reparatur im Auge haben, kontaktieren Sie uns und wir werden alles tun, damit Sie Ihr PlasDECK wieder neu werden lassen.<\/p>\n\t\t\t\t\t\t\t\t<\/div>\n\t\t\t\t<\/div>\n\t\t\t\t\t<\/div>\n\t\t<\/div>\n\t\t\t\t\t<\/div>\n\t\t<\/section>\n\t\t\t\t<section class=\"elementor-section elementor-top-section elementor-element elementor-element-0c0a977 elementor-section-boxed elementor-section-height-default elementor-section-height-default\" data-id=\"0c0a977\" data-element_type=\"section\" data-e-type=\"section\">\n\t\t\t\t\t\t<div class=\"elementor-container elementor-column-gap-no\">\n\t\t\t\t\t<div class=\"elementor-column elementor-col-50 elementor-top-column elementor-element elementor-element-382e633\" data-id=\"382e633\" data-element_type=\"column\" data-e-type=\"column\">\n\t\t\t<div class=\"elementor-widget-wrap elementor-element-populated\">\n\t\t\t\t\t\t<div class=\"elementor-element elementor-element-10f175b elementor-widget elementor-widget-video\" data-id=\"10f175b\" data-element_type=\"widget\" data-e-type=\"widget\" data-settings=\"{&quot;youtube_url&quot;:&quot;https:\\\/\\\/www.youtube.com\\\/watch?v=X9G-JzBRzOM&quot;,&quot;video_type&quot;:&quot;youtube&quot;,&quot;controls&quot;:&quot;yes&quot;}\" data-widget_type=\"video.default\">\n\t\t\t\t<div class=\"elementor-widget-container\">\n\t\t\t\t\t\t\t<div class=\"elementor-wrapper elementor-open-inline\">\n\t\t\t<div class=\"elementor-video\"><\/div>\t\t<\/div>\n\t\t\t\t\t\t<\/div>\n\t\t\t\t<\/div>\n\t\t\t\t\t<\/div>\n\t\t<\/div>\n\t\t\t\t<div class=\"elementor-column elementor-col-50 elementor-top-column elementor-element elementor-element-a1f672a\" data-id=\"a1f672a\" data-element_type=\"column\" data-e-type=\"column\">\n\t\t\t<div class=\"elementor-widget-wrap elementor-element-populated\">\n\t\t\t\t\t\t<div class=\"elementor-element elementor-element-98741ae elementor-widget elementor-widget-video\" data-id=\"98741ae\" data-element_type=\"widget\" data-e-type=\"widget\" data-settings=\"{&quot;youtube_url&quot;:&quot;https:\\\/\\\/www.youtube.com\\\/watch?v=DIxvOtyqbXs&quot;,&quot;video_type&quot;:&quot;youtube&quot;,&quot;controls&quot;:&quot;yes&quot;}\" data-widget_type=\"video.default\">\n\t\t\t\t<div class=\"elementor-widget-container\">\n\t\t\t\t\t\t\t<div class=\"elementor-wrapper elementor-open-inline\">\n\t\t\t<div class=\"elementor-video\"><\/div>\t\t<\/div>\n\t\t\t\t\t\t<\/div>\n\t\t\t\t<\/div>\n\t\t\t\t\t<\/div>\n\t\t<\/div>\n\t\t\t\t\t<\/div>\n\t\t<\/section>\n\t\t\t\t<\/div>\n\t\t","protected":false},"excerpt":{"rendered":"<p>DIE REPARATUR UND WARTUNG VON BOOTEN GEDECKT MIT PLASDECK SYNTHETISCHEM TEAK IST SEHR EINFACH. Da PlasDECK ein Kunststoffprodukt ist, erfordert es keine Wartung, die echtes Teakholz erfordern w\u00fcrde und es ist einfach zu reinigen. Es ist nicht notwendig, irgendwelche sch\u00fctzenden Substanzen, \u00d6le oder andere Produkte zu verwenden, um den Look zu erhalten. Fischblut, Essensreste, Getr\u00e4nke [&hellip;]<\/p>\n","protected":false},"author":3,"featured_media":20366,"parent":20557,"menu_order":2,"comment_status":"closed","ping_status":"closed","template":"","meta":{"footnotes":""},"class_list":["post-20562","page","type-page","status-publish","has-post-thumbnail","hentry"],"yoast_head":"<!-- This site is optimized with the Yoast SEO plugin v27.2 - https:\/\/yoast.com\/product\/yoast-seo-wordpress\/ -->\n<title>REPARATUR UND WARTUNG - Teak decking by triM Nautica<\/title>\n<meta name=\"robots\" content=\"noindex, follow, max-snippet:-1, max-image-preview:large, max-video-preview:-1\" \/>\n<meta property=\"og:locale\" content=\"de_DE\" \/>\n<meta property=\"og:type\" content=\"article\" \/>\n<meta property=\"og:title\" content=\"REPARATUR UND WARTUNG - Teak decking by triM Nautica\" \/>\n<meta property=\"og:description\" content=\"DIE REPARATUR UND WARTUNG VON BOOTEN GEDECKT MIT PLASDECK SYNTHETISCHEM TEAK IST SEHR EINFACH. Da PlasDECK ein Kunststoffprodukt ist, erfordert es keine Wartung, die echtes Teakholz erfordern w\u00fcrde und es ist einfach zu reinigen. Es ist nicht notwendig, irgendwelche sch\u00fctzenden Substanzen, \u00d6le oder andere Produkte zu verwenden, um den Look zu erhalten. Fischblut, Essensreste, Getr\u00e4nke [&hellip;]\" \/>\n<meta property=\"og:url\" content=\"https:\/\/staging.trim-nauticadecking.com\/de\/info\/reparatur-und-wartung\/\" \/>\n<meta property=\"og:site_name\" content=\"Teak decking by triM Nautica\" \/>\n<meta property=\"article:modified_time\" content=\"2022-02-16T11:49:03+00:00\" \/>\n<meta property=\"og:image\" content=\"https:\/\/staging.trim-nauticadecking.com\/wp-content\/uploads\/2022\/01\/file-9-002-edit.jpg\" \/>\n\t<meta property=\"og:image:width\" content=\"2048\" \/>\n\t<meta property=\"og:image:height\" content=\"1050\" \/>\n\t<meta property=\"og:image:type\" content=\"image\/jpeg\" \/>\n<meta name=\"twitter:card\" content=\"summary_large_image\" \/>\n<meta name=\"twitter:label1\" content=\"Gesch\u00e4tzte Lesezeit\" \/>\n\t<meta name=\"twitter:data1\" content=\"3\u00a0Minuten\" \/>\n<script type=\"application\/ld+json\" class=\"yoast-schema-graph\">{\"@context\":\"https:\/\/schema.org\",\"@graph\":[{\"@type\":\"WebPage\",\"@id\":\"https:\/\/staging.trim-nauticadecking.com\/de\/info\/reparatur-und-wartung\/\",\"url\":\"https:\/\/staging.trim-nauticadecking.com\/de\/info\/reparatur-und-wartung\/\",\"name\":\"REPARATUR UND WARTUNG - Teak decking by triM Nautica\",\"isPartOf\":{\"@id\":\"https:\/\/staging.trim-nauticadecking.com\/de\/#website\"},\"primaryImageOfPage\":{\"@id\":\"https:\/\/staging.trim-nauticadecking.com\/de\/info\/reparatur-und-wartung\/#primaryimage\"},\"image\":{\"@id\":\"https:\/\/staging.trim-nauticadecking.com\/de\/info\/reparatur-und-wartung\/#primaryimage\"},\"thumbnailUrl\":\"https:\/\/staging.trim-nauticadecking.com\/wp-content\/uploads\/2022\/01\/file-9-002-edit.jpg\",\"datePublished\":\"2021-12-16T15:57:39+00:00\",\"dateModified\":\"2022-02-16T11:49:03+00:00\",\"breadcrumb\":{\"@id\":\"https:\/\/staging.trim-nauticadecking.com\/de\/info\/reparatur-und-wartung\/#breadcrumb\"},\"inLanguage\":\"de\",\"potentialAction\":[{\"@type\":\"ReadAction\",\"target\":[\"https:\/\/staging.trim-nauticadecking.com\/de\/info\/reparatur-und-wartung\/\"]}]},{\"@type\":\"ImageObject\",\"inLanguage\":\"de\",\"@id\":\"https:\/\/staging.trim-nauticadecking.com\/de\/info\/reparatur-und-wartung\/#primaryimage\",\"url\":\"https:\/\/staging.trim-nauticadecking.com\/wp-content\/uploads\/2022\/01\/file-9-002-edit.jpg\",\"contentUrl\":\"https:\/\/staging.trim-nauticadecking.com\/wp-content\/uploads\/2022\/01\/file-9-002-edit.jpg\",\"width\":2048,\"height\":1050},{\"@type\":\"BreadcrumbList\",\"@id\":\"https:\/\/staging.trim-nauticadecking.com\/de\/info\/reparatur-und-wartung\/#breadcrumb\",\"itemListElement\":[{\"@type\":\"ListItem\",\"position\":1,\"name\":\"Po\u010detna stranica\",\"item\":\"https:\/\/staging.trim-nauticadecking.com\/de\/\"},{\"@type\":\"ListItem\",\"position\":2,\"name\":\"Info\",\"item\":\"https:\/\/staging.trim-nauticadecking.com\/de\/info\/\"},{\"@type\":\"ListItem\",\"position\":3,\"name\":\"REPARATUR UND WARTUNG\"}]},{\"@type\":\"WebSite\",\"@id\":\"https:\/\/staging.trim-nauticadecking.com\/de\/#website\",\"url\":\"https:\/\/staging.trim-nauticadecking.com\/de\/\",\"name\":\"Teak decking by triM Nautica\",\"description\":\"K\u00fcnstliches Teakholz | TEAK-Decks \u2013 k\u00fcnstliches Teakholz | PlasDECK | Installation\",\"publisher\":{\"@id\":\"https:\/\/staging.trim-nauticadecking.com\/de\/#organization\"},\"potentialAction\":[{\"@type\":\"SearchAction\",\"target\":{\"@type\":\"EntryPoint\",\"urlTemplate\":\"https:\/\/staging.trim-nauticadecking.com\/de\/?s={search_term_string}\"},\"query-input\":{\"@type\":\"PropertyValueSpecification\",\"valueRequired\":true,\"valueName\":\"search_term_string\"}}],\"inLanguage\":\"de\"},{\"@type\":\"Organization\",\"@id\":\"https:\/\/staging.trim-nauticadecking.com\/de\/#organization\",\"name\":\"Teak decking by triM Nautica\",\"url\":\"https:\/\/staging.trim-nauticadecking.com\/de\/\",\"logo\":{\"@type\":\"ImageObject\",\"inLanguage\":\"de\",\"@id\":\"https:\/\/staging.trim-nauticadecking.com\/de\/#\/schema\/logo\/image\/\",\"url\":\"https:\/\/staging.trim-nauticadecking.com\/wp-content\/uploads\/2021\/08\/Teak-Decking-logo-185x40px.svg\",\"contentUrl\":\"https:\/\/staging.trim-nauticadecking.com\/wp-content\/uploads\/2021\/08\/Teak-Decking-logo-185x40px.svg\",\"width\":100,\"height\":100,\"caption\":\"Teak decking by triM Nautica\"},\"image\":{\"@id\":\"https:\/\/staging.trim-nauticadecking.com\/de\/#\/schema\/logo\/image\/\"}}]}<\/script>\n<!-- \/ Yoast SEO plugin. -->","yoast_head_json":{"title":"REPARATUR UND WARTUNG - Teak decking by triM Nautica","robots":{"index":"noindex","follow":"follow","max-snippet":"max-snippet:-1","max-image-preview":"max-image-preview:large","max-video-preview":"max-video-preview:-1"},"og_locale":"de_DE","og_type":"article","og_title":"REPARATUR UND WARTUNG - Teak decking by triM Nautica","og_description":"DIE REPARATUR UND WARTUNG VON BOOTEN GEDECKT MIT PLASDECK SYNTHETISCHEM TEAK IST SEHR EINFACH. Da PlasDECK ein Kunststoffprodukt ist, erfordert es keine Wartung, die echtes Teakholz erfordern w\u00fcrde und es ist einfach zu reinigen. Es ist nicht notwendig, irgendwelche sch\u00fctzenden Substanzen, \u00d6le oder andere Produkte zu verwenden, um den Look zu erhalten. Fischblut, Essensreste, Getr\u00e4nke [&hellip;]","og_url":"https:\/\/staging.trim-nauticadecking.com\/de\/info\/reparatur-und-wartung\/","og_site_name":"Teak decking by triM Nautica","article_modified_time":"2022-02-16T11:49:03+00:00","og_image":[{"width":2048,"height":1050,"url":"https:\/\/staging.trim-nauticadecking.com\/wp-content\/uploads\/2022\/01\/file-9-002-edit.jpg","type":"image\/jpeg"}],"twitter_card":"summary_large_image","twitter_misc":{"Gesch\u00e4tzte Lesezeit":"3\u00a0Minuten"},"schema":{"@context":"https:\/\/schema.org","@graph":[{"@type":"WebPage","@id":"https:\/\/staging.trim-nauticadecking.com\/de\/info\/reparatur-und-wartung\/","url":"https:\/\/staging.trim-nauticadecking.com\/de\/info\/reparatur-und-wartung\/","name":"REPARATUR UND WARTUNG - Teak decking by triM Nautica","isPartOf":{"@id":"https:\/\/staging.trim-nauticadecking.com\/de\/#website"},"primaryImageOfPage":{"@id":"https:\/\/staging.trim-nauticadecking.com\/de\/info\/reparatur-und-wartung\/#primaryimage"},"image":{"@id":"https:\/\/staging.trim-nauticadecking.com\/de\/info\/reparatur-und-wartung\/#primaryimage"},"thumbnailUrl":"https:\/\/staging.trim-nauticadecking.com\/wp-content\/uploads\/2022\/01\/file-9-002-edit.jpg","datePublished":"2021-12-16T15:57:39+00:00","dateModified":"2022-02-16T11:49:03+00:00","breadcrumb":{"@id":"https:\/\/staging.trim-nauticadecking.com\/de\/info\/reparatur-und-wartung\/#breadcrumb"},"inLanguage":"de","potentialAction":[{"@type":"ReadAction","target":["https:\/\/staging.trim-nauticadecking.com\/de\/info\/reparatur-und-wartung\/"]}]},{"@type":"ImageObject","inLanguage":"de","@id":"https:\/\/staging.trim-nauticadecking.com\/de\/info\/reparatur-und-wartung\/#primaryimage","url":"https:\/\/staging.trim-nauticadecking.com\/wp-content\/uploads\/2022\/01\/file-9-002-edit.jpg","contentUrl":"https:\/\/staging.trim-nauticadecking.com\/wp-content\/uploads\/2022\/01\/file-9-002-edit.jpg","width":2048,"height":1050},{"@type":"BreadcrumbList","@id":"https:\/\/staging.trim-nauticadecking.com\/de\/info\/reparatur-und-wartung\/#breadcrumb","itemListElement":[{"@type":"ListItem","position":1,"name":"Po\u010detna stranica","item":"https:\/\/staging.trim-nauticadecking.com\/de\/"},{"@type":"ListItem","position":2,"name":"Info","item":"https:\/\/staging.trim-nauticadecking.com\/de\/info\/"},{"@type":"ListItem","position":3,"name":"REPARATUR UND WARTUNG"}]},{"@type":"WebSite","@id":"https:\/\/staging.trim-nauticadecking.com\/de\/#website","url":"https:\/\/staging.trim-nauticadecking.com\/de\/","name":"Teak decking by triM Nautica","description":"K\u00fcnstliches Teakholz | TEAK-Decks \u2013 k\u00fcnstliches Teakholz | PlasDECK | Installation","publisher":{"@id":"https:\/\/staging.trim-nauticadecking.com\/de\/#organization"},"potentialAction":[{"@type":"SearchAction","target":{"@type":"EntryPoint","urlTemplate":"https:\/\/staging.trim-nauticadecking.com\/de\/?s={search_term_string}"},"query-input":{"@type":"PropertyValueSpecification","valueRequired":true,"valueName":"search_term_string"}}],"inLanguage":"de"},{"@type":"Organization","@id":"https:\/\/staging.trim-nauticadecking.com\/de\/#organization","name":"Teak decking by triM Nautica","url":"https:\/\/staging.trim-nauticadecking.com\/de\/","logo":{"@type":"ImageObject","inLanguage":"de","@id":"https:\/\/staging.trim-nauticadecking.com\/de\/#\/schema\/logo\/image\/","url":"https:\/\/staging.trim-nauticadecking.com\/wp-content\/uploads\/2021\/08\/Teak-Decking-logo-185x40px.svg","contentUrl":"https:\/\/staging.trim-nauticadecking.com\/wp-content\/uploads\/2021\/08\/Teak-Decking-logo-185x40px.svg","width":100,"height":100,"caption":"Teak decking by triM Nautica"},"image":{"@id":"https:\/\/staging.trim-nauticadecking.com\/de\/#\/schema\/logo\/image\/"}}]}},"_links":{"self":[{"href":"https:\/\/staging.trim-nauticadecking.com\/de\/wp-json\/wp\/v2\/pages\/20562","targetHints":{"allow":["GET"]}}],"collection":[{"href":"https:\/\/staging.trim-nauticadecking.com\/de\/wp-json\/wp\/v2\/pages"}],"about":[{"href":"https:\/\/staging.trim-nauticadecking.com\/de\/wp-json\/wp\/v2\/types\/page"}],"author":[{"embeddable":true,"href":"https:\/\/staging.trim-nauticadecking.com\/de\/wp-json\/wp\/v2\/users\/3"}],"replies":[{"embeddable":true,"href":"https:\/\/staging.trim-nauticadecking.com\/de\/wp-json\/wp\/v2\/comments?post=20562"}],"version-history":[{"count":1,"href":"https:\/\/staging.trim-nauticadecking.com\/de\/wp-json\/wp\/v2\/pages\/20562\/revisions"}],"predecessor-version":[{"id":20806,"href":"https:\/\/staging.trim-nauticadecking.com\/de\/wp-json\/wp\/v2\/pages\/20562\/revisions\/20806"}],"up":[{"embeddable":true,"href":"https:\/\/staging.trim-nauticadecking.com\/de\/wp-json\/wp\/v2\/pages\/20557"}],"wp:featuredmedia":[{"embeddable":true,"href":"https:\/\/staging.trim-nauticadecking.com\/de\/wp-json\/wp\/v2\/media\/20366"}],"wp:attachment":[{"href":"https:\/\/staging.trim-nauticadecking.com\/de\/wp-json\/wp\/v2\/media?parent=20562"}],"curies":[{"name":"wp","href":"https:\/\/api.w.org\/{rel}","templated":true}]}}