{"id":20558,"date":"2021-12-16T15:56:56","date_gmt":"2021-12-16T15:56:56","guid":{"rendered":"https:\/\/teakdecking.pro\/info\/warum-sind-wir-anders\/"},"modified":"2022-02-16T11:48:31","modified_gmt":"2022-02-16T11:48:31","slug":"warum-sind-wir-anders","status":"publish","type":"page","link":"https:\/\/staging.trim-nauticadecking.com\/de\/info\/warum-sind-wir-anders\/","title":{"rendered":"WARUM SIND WIR ANDERS?"},"content":{"rendered":"\t\t<div data-elementor-type=\"wp-page\" data-elementor-id=\"20558\" class=\"elementor elementor-20558 elementor-207\" data-elementor-post-type=\"page\">\n\t\t\t\t\t\t<section class=\"elementor-section elementor-top-section elementor-element elementor-element-ca8e2ee elementor-section-boxed elementor-section-height-default elementor-section-height-default\" data-id=\"ca8e2ee\" data-element_type=\"section\" data-e-type=\"section\">\n\t\t\t\t\t\t<div class=\"elementor-container elementor-column-gap-no\">\n\t\t\t\t\t<div class=\"elementor-column elementor-col-100 elementor-top-column elementor-element elementor-element-94b4d30\" data-id=\"94b4d30\" data-element_type=\"column\" data-e-type=\"column\">\n\t\t\t<div class=\"elementor-widget-wrap elementor-element-populated\">\n\t\t\t\t\t\t<div class=\"elementor-element elementor-element-e7a467b elementor-widget elementor-widget-text-editor\" data-id=\"e7a467b\" data-element_type=\"widget\" data-e-type=\"widget\" data-widget_type=\"text-editor.default\">\n\t\t\t\t<div class=\"elementor-widget-container\">\n\t\t\t\t\t\t\t\t\t<h2>Der Unterschied ist die Familie<\/h2>\n<p>TEAKdecking ist keine gro\u00dfe Kooperation. Wir sind eine Familie und eine nautische Familie. Wir stehen nicht nur hinter unseren Produkten, wir stehen auf ihnen. Wir verwenden PlasDECK auf <a href=\"https:\/\/trim-nautica.com\/\">unseren pers\u00f6nlichen Booten.<\/a><\/p>\n<p>Vom Direktor unserer Firma bis zu den Handwerkern, die hier in unserem Gesch\u00e4ft Decks bauen, haben wir alle auf unseren eigenen Booten <strong>PlasDECK<\/strong> eingebaut. Wir sind alle mit unseren Produkten vertraut und haben die Erfahrung, Ihnen bei Ihrem Projekt zu helfen.<\/p>\n<p>Da wir mit all unseren Produkten Erfahrungen aus erster Hand haben, konnten wir jeden Aspekt unseres Bodenbelags pers\u00f6nlich bewerten und entsprechend anpassen. Wir sind davon \u00fcberzeugt, dass PlasDECK das beste synthetische Substrat auf dem Markt ist. In TEAKdecking haben wir eine sehr strenge Qualit\u00e4ts- und Mengenpolitik. Wir sind sicher, dass Sie mit den Ergebnissen zufrieden sein werden.<\/p>\n<p>Wir glauben an unsere Produkte und wir begr\u00fc\u00dfen Sie, um der TEAKdecking Familie von zufriedenen Kunden beizutreten.<\/p>\n<p>PlasDECK ist der einzige Kunststoffteak, der in den Vereinigten Staaten hergestellt wird.<\/p>\n<p>Wir sind stolz darauf, dass alle PlasDECK-Produkte in den USA in Akron, Ohio, hergestellt werden. Akron ist das Polymerkapital der Welt und wir arbeiten eng mit lokalen Ingenieuren zusammen, um das beste synthetische Teakholz der Welt zu entwickeln. Es wurde viel \u00fcber die Jahre gelernt, als man mit PVC-Materialien der ersten Generation arbeitete, und PlasDECK l\u00f6ste fast alle bisherigen Probleme auf. Wissenschaftler sind auf die molekulare Ebene gegangen, um ein Produkt zu entwickeln, das allen verf\u00fcgbaren Produkten \u00fcberlegen ist.<\/p>\n<h2>UNGEBUNDENE PLASTIFIZIERUNGSMITTEL<\/h2>\n<p>Alle Arten von Kunststoffen enthalten \u00d6le oder \u201c Plastifizierungsmittel \u201e. Diese \u00d6le k\u00f6nnen sich normalerweise frei im Kunststoff bewegen. Sie werden an die Oberfl\u00e4che wandern, wo sie gewaschen werden k\u00f6nnen, oder die Plastifizierungsmittel wandern zum Boden des Materials und gef\u00e4hrden die Klebeverbindung.<\/p>\n<p>\u00d6le in unseren PVC-Kunststoffen werden nicht bewegt, da die \u00d6le an Ort und Stelle verriegelt sind. Das bedeutet, dass PlasDECK im Laufe der Zeit nicht ausl\u00e4uft, rei\u00dft oder bricht und PlasDECK beh\u00e4lt seine \u00fcberlegene Haftung. Dieser firmeneigene Prozess ist einzigartig f\u00fcr das PlasDECK-Substratmaterial und es ist nicht in anderen synthetischen Bodenbelagsprodukten auf dem Markt zu finden. Wir haben zwei US-Patente erhalten (US-Patente 7,578,251 und 7,617,791).<\/p>\n<h2>DIE R\u00c4NDER<\/h2>\n<p>Unser <a href=\"https:\/\/dev.teakdecking.pro\/de\/plasdeck-services\/selbstinstallationsverfahren\/\">\u201eSelbst-Material\u201c<\/a> hat die Bootkanten, um f\u00fcr perfekte N\u00e4hte zu sorgen. Erfahren Sie, wie Bordkanten funktionieren.<\/p>\n<h2>EIN SAUBERES AUSSEHEN VON FRISCH GE\u00d6LTEM ODER NASSEM TEAKHOLZ<\/h2>\n<p>PlasDECK sieht in seiner Premiere eher wie ein Teakholz aus. Es vergraut oder verblasst nie, PlasDECK wird immer wie ein gut gepflegtes Teakholz aussehen. Unsere Farbe und K\u00f6rnung sind genauer. Ein anderes synthetisches Decking kann in mehreren Mustern erscheinen, wodurch es weniger wie nat\u00fcrliches Holz und \u00e4hnlich wie Kunststoff aussieht.<\/p>\n<h2>BESTER UV-SCHUTZ<\/h2>\n<p>Wir verwenden den besten verf\u00fcgbaren <a href=\"https:\/\/staging.trim-nauticadecking.com\/de\/info\/studie-des-widerstands\/\">UV-Schutz<\/a>, den gleichen UV-Schutz, der in Automobilkunststoffen verwendet wird. Der <strong>UV-Schutz<\/strong> reicht bis zu unserem Material, um das Ausbleichen zu stoppen. PlasDECK hat viele Jahre gute Aussichten.<\/p>\n<h2>ANTIMYKOTISCHE INHIBITOREN<\/h2>\n<p>Schimmelpilze und Schimmel k\u00f6nnen und werden in allen feuchten Umgebungen wachsen. Mit dem antimykotischen Additiv von PlasDECK werden Schimmelpilze und Schimmel weggewaschen.<\/p>\n<h2>BESSERER GRIFF<\/h2>\n<p>Tests haben gezeigt, dass Teakholz mit Kan\u00e4len an der Unterseite des Produkts, weniger haften als an der Oberfl\u00e4che, im Vergleich zu PlasDeck, das an der Unterseite flach ist und eine bessere Haftung erm\u00f6glicht. Fr\u00fchere Produkte sind anf\u00e4lliger f\u00fcr vorzeitige Freigabe, da es schwierig ist, sicherzustellen, dass alle Bereiche des Abschlussdesigns gleichm\u00e4\u00dfig mit Klebstoff gef\u00fcllt sind. Dies kann zu Spalten f\u00fchren, die die Luft und Feuchtigkeit unter dem Material bilden und w\u00e4hrend der Ausdehnung bei Sonnenhitze Blasen erzeugen.<\/p>\n<h2>PATENTIERTER PEEL &amp; STICK<\/h2>\n<p>PlasDECK ist auch das einzige Bodenbelagssystem mit einem druckempfindlichen <a href=\"https:\/\/staging.trim-nauticadecking.com\/de\/info\/reparatur-und-wartung\/\">Peel &amp; Stick-Kleber<\/a>. Dieser vorgelagerte Klebstoff eignet sich perfekt f\u00fcr glatte Oberfl\u00e4chen und bietet eine hervorragende Verbindung bei gleichzeitiger Steigerung des Einbautempos, das in der Produktionsumgebung erw\u00fcnscht ist.<\/p>\n<h2>BLEICHMITTEL<\/h2>\n<p>Im Gegensatz zu anderen synthetischen Bodensystemen beeinflusst PlasDECK das Bleichmittel nicht. Es wird PlasDECK nicht verblassen, so dass das Bleichmittel, ohne Angst vor Verf\u00e4rbungen an Bord, verwendet werden kann.<\/p>\n\t\t\t\t\t\t\t\t<\/div>\n\t\t\t\t<\/div>\n\t\t\t\t\t<\/div>\n\t\t<\/div>\n\t\t\t\t\t<\/div>\n\t\t<\/section>\n\t\t\t\t<\/div>\n\t\t","protected":false},"excerpt":{"rendered":"<p>Der Unterschied ist die Familie TEAKdecking ist keine gro\u00dfe Kooperation. Wir sind eine Familie und eine nautische Familie. Wir stehen nicht nur hinter unseren Produkten, wir stehen auf ihnen. Wir verwenden PlasDECK auf unseren pers\u00f6nlichen Booten. Vom Direktor unserer Firma bis zu den Handwerkern, die hier in unserem Gesch\u00e4ft Decks bauen, haben wir alle auf [&hellip;]<\/p>\n","protected":false},"author":3,"featured_media":20366,"parent":20557,"menu_order":0,"comment_status":"closed","ping_status":"closed","template":"","meta":{"footnotes":""},"class_list":["post-20558","page","type-page","status-publish","has-post-thumbnail","hentry"],"yoast_head":"<!-- This site is optimized with the Yoast SEO plugin v27.2 - https:\/\/yoast.com\/product\/yoast-seo-wordpress\/ -->\n<title>WARUM SIND WIR ANDERS? - Teak decking by triM Nautica<\/title>\n<meta name=\"robots\" content=\"noindex, follow, max-snippet:-1, max-image-preview:large, max-video-preview:-1\" \/>\n<meta property=\"og:locale\" content=\"de_DE\" \/>\n<meta property=\"og:type\" content=\"article\" \/>\n<meta property=\"og:title\" content=\"WARUM SIND WIR ANDERS? - Teak decking by triM Nautica\" \/>\n<meta property=\"og:description\" content=\"Der Unterschied ist die Familie TEAKdecking ist keine gro\u00dfe Kooperation. Wir sind eine Familie und eine nautische Familie. Wir stehen nicht nur hinter unseren Produkten, wir stehen auf ihnen. Wir verwenden PlasDECK auf unseren pers\u00f6nlichen Booten. Vom Direktor unserer Firma bis zu den Handwerkern, die hier in unserem Gesch\u00e4ft Decks bauen, haben wir alle auf [&hellip;]\" \/>\n<meta property=\"og:url\" content=\"https:\/\/staging.trim-nauticadecking.com\/de\/info\/warum-sind-wir-anders\/\" \/>\n<meta property=\"og:site_name\" content=\"Teak decking by triM Nautica\" \/>\n<meta property=\"article:modified_time\" content=\"2022-02-16T11:48:31+00:00\" \/>\n<meta property=\"og:image\" content=\"https:\/\/staging.trim-nauticadecking.com\/wp-content\/uploads\/2022\/01\/file-9-002-edit.jpg\" \/>\n\t<meta property=\"og:image:width\" content=\"2048\" \/>\n\t<meta property=\"og:image:height\" content=\"1050\" \/>\n\t<meta property=\"og:image:type\" content=\"image\/jpeg\" \/>\n<meta name=\"twitter:card\" content=\"summary_large_image\" \/>\n<meta name=\"twitter:label1\" content=\"Gesch\u00e4tzte Lesezeit\" \/>\n\t<meta name=\"twitter:data1\" content=\"3\u00a0Minuten\" \/>\n<script type=\"application\/ld+json\" class=\"yoast-schema-graph\">{\"@context\":\"https:\/\/schema.org\",\"@graph\":[{\"@type\":\"WebPage\",\"@id\":\"https:\/\/staging.trim-nauticadecking.com\/de\/info\/warum-sind-wir-anders\/\",\"url\":\"https:\/\/staging.trim-nauticadecking.com\/de\/info\/warum-sind-wir-anders\/\",\"name\":\"WARUM SIND WIR ANDERS? - Teak decking by triM Nautica\",\"isPartOf\":{\"@id\":\"https:\/\/staging.trim-nauticadecking.com\/de\/#website\"},\"primaryImageOfPage\":{\"@id\":\"https:\/\/staging.trim-nauticadecking.com\/de\/info\/warum-sind-wir-anders\/#primaryimage\"},\"image\":{\"@id\":\"https:\/\/staging.trim-nauticadecking.com\/de\/info\/warum-sind-wir-anders\/#primaryimage\"},\"thumbnailUrl\":\"https:\/\/staging.trim-nauticadecking.com\/wp-content\/uploads\/2022\/01\/file-9-002-edit.jpg\",\"datePublished\":\"2021-12-16T15:56:56+00:00\",\"dateModified\":\"2022-02-16T11:48:31+00:00\",\"breadcrumb\":{\"@id\":\"https:\/\/staging.trim-nauticadecking.com\/de\/info\/warum-sind-wir-anders\/#breadcrumb\"},\"inLanguage\":\"de\",\"potentialAction\":[{\"@type\":\"ReadAction\",\"target\":[\"https:\/\/staging.trim-nauticadecking.com\/de\/info\/warum-sind-wir-anders\/\"]}]},{\"@type\":\"ImageObject\",\"inLanguage\":\"de\",\"@id\":\"https:\/\/staging.trim-nauticadecking.com\/de\/info\/warum-sind-wir-anders\/#primaryimage\",\"url\":\"https:\/\/staging.trim-nauticadecking.com\/wp-content\/uploads\/2022\/01\/file-9-002-edit.jpg\",\"contentUrl\":\"https:\/\/staging.trim-nauticadecking.com\/wp-content\/uploads\/2022\/01\/file-9-002-edit.jpg\",\"width\":2048,\"height\":1050},{\"@type\":\"BreadcrumbList\",\"@id\":\"https:\/\/staging.trim-nauticadecking.com\/de\/info\/warum-sind-wir-anders\/#breadcrumb\",\"itemListElement\":[{\"@type\":\"ListItem\",\"position\":1,\"name\":\"Po\u010detna stranica\",\"item\":\"https:\/\/staging.trim-nauticadecking.com\/de\/\"},{\"@type\":\"ListItem\",\"position\":2,\"name\":\"Info\",\"item\":\"https:\/\/staging.trim-nauticadecking.com\/de\/info\/\"},{\"@type\":\"ListItem\",\"position\":3,\"name\":\"WARUM SIND WIR ANDERS?\"}]},{\"@type\":\"WebSite\",\"@id\":\"https:\/\/staging.trim-nauticadecking.com\/de\/#website\",\"url\":\"https:\/\/staging.trim-nauticadecking.com\/de\/\",\"name\":\"Teak decking by triM Nautica\",\"description\":\"K\u00fcnstliches Teakholz | TEAK-Decks \u2013 k\u00fcnstliches Teakholz | PlasDECK | Installation\",\"publisher\":{\"@id\":\"https:\/\/staging.trim-nauticadecking.com\/de\/#organization\"},\"potentialAction\":[{\"@type\":\"SearchAction\",\"target\":{\"@type\":\"EntryPoint\",\"urlTemplate\":\"https:\/\/staging.trim-nauticadecking.com\/de\/?s={search_term_string}\"},\"query-input\":{\"@type\":\"PropertyValueSpecification\",\"valueRequired\":true,\"valueName\":\"search_term_string\"}}],\"inLanguage\":\"de\"},{\"@type\":\"Organization\",\"@id\":\"https:\/\/staging.trim-nauticadecking.com\/de\/#organization\",\"name\":\"Teak decking by triM Nautica\",\"url\":\"https:\/\/staging.trim-nauticadecking.com\/de\/\",\"logo\":{\"@type\":\"ImageObject\",\"inLanguage\":\"de\",\"@id\":\"https:\/\/staging.trim-nauticadecking.com\/de\/#\/schema\/logo\/image\/\",\"url\":\"https:\/\/staging.trim-nauticadecking.com\/wp-content\/uploads\/2021\/08\/Teak-Decking-logo-185x40px.svg\",\"contentUrl\":\"https:\/\/staging.trim-nauticadecking.com\/wp-content\/uploads\/2021\/08\/Teak-Decking-logo-185x40px.svg\",\"width\":100,\"height\":100,\"caption\":\"Teak decking by triM Nautica\"},\"image\":{\"@id\":\"https:\/\/staging.trim-nauticadecking.com\/de\/#\/schema\/logo\/image\/\"}}]}<\/script>\n<!-- \/ Yoast SEO plugin. -->","yoast_head_json":{"title":"WARUM SIND WIR ANDERS? - Teak decking by triM Nautica","robots":{"index":"noindex","follow":"follow","max-snippet":"max-snippet:-1","max-image-preview":"max-image-preview:large","max-video-preview":"max-video-preview:-1"},"og_locale":"de_DE","og_type":"article","og_title":"WARUM SIND WIR ANDERS? - Teak decking by triM Nautica","og_description":"Der Unterschied ist die Familie TEAKdecking ist keine gro\u00dfe Kooperation. Wir sind eine Familie und eine nautische Familie. Wir stehen nicht nur hinter unseren Produkten, wir stehen auf ihnen. Wir verwenden PlasDECK auf unseren pers\u00f6nlichen Booten. Vom Direktor unserer Firma bis zu den Handwerkern, die hier in unserem Gesch\u00e4ft Decks bauen, haben wir alle auf [&hellip;]","og_url":"https:\/\/staging.trim-nauticadecking.com\/de\/info\/warum-sind-wir-anders\/","og_site_name":"Teak decking by triM Nautica","article_modified_time":"2022-02-16T11:48:31+00:00","og_image":[{"width":2048,"height":1050,"url":"https:\/\/staging.trim-nauticadecking.com\/wp-content\/uploads\/2022\/01\/file-9-002-edit.jpg","type":"image\/jpeg"}],"twitter_card":"summary_large_image","twitter_misc":{"Gesch\u00e4tzte Lesezeit":"3\u00a0Minuten"},"schema":{"@context":"https:\/\/schema.org","@graph":[{"@type":"WebPage","@id":"https:\/\/staging.trim-nauticadecking.com\/de\/info\/warum-sind-wir-anders\/","url":"https:\/\/staging.trim-nauticadecking.com\/de\/info\/warum-sind-wir-anders\/","name":"WARUM SIND WIR ANDERS? - Teak decking by triM Nautica","isPartOf":{"@id":"https:\/\/staging.trim-nauticadecking.com\/de\/#website"},"primaryImageOfPage":{"@id":"https:\/\/staging.trim-nauticadecking.com\/de\/info\/warum-sind-wir-anders\/#primaryimage"},"image":{"@id":"https:\/\/staging.trim-nauticadecking.com\/de\/info\/warum-sind-wir-anders\/#primaryimage"},"thumbnailUrl":"https:\/\/staging.trim-nauticadecking.com\/wp-content\/uploads\/2022\/01\/file-9-002-edit.jpg","datePublished":"2021-12-16T15:56:56+00:00","dateModified":"2022-02-16T11:48:31+00:00","breadcrumb":{"@id":"https:\/\/staging.trim-nauticadecking.com\/de\/info\/warum-sind-wir-anders\/#breadcrumb"},"inLanguage":"de","potentialAction":[{"@type":"ReadAction","target":["https:\/\/staging.trim-nauticadecking.com\/de\/info\/warum-sind-wir-anders\/"]}]},{"@type":"ImageObject","inLanguage":"de","@id":"https:\/\/staging.trim-nauticadecking.com\/de\/info\/warum-sind-wir-anders\/#primaryimage","url":"https:\/\/staging.trim-nauticadecking.com\/wp-content\/uploads\/2022\/01\/file-9-002-edit.jpg","contentUrl":"https:\/\/staging.trim-nauticadecking.com\/wp-content\/uploads\/2022\/01\/file-9-002-edit.jpg","width":2048,"height":1050},{"@type":"BreadcrumbList","@id":"https:\/\/staging.trim-nauticadecking.com\/de\/info\/warum-sind-wir-anders\/#breadcrumb","itemListElement":[{"@type":"ListItem","position":1,"name":"Po\u010detna stranica","item":"https:\/\/staging.trim-nauticadecking.com\/de\/"},{"@type":"ListItem","position":2,"name":"Info","item":"https:\/\/staging.trim-nauticadecking.com\/de\/info\/"},{"@type":"ListItem","position":3,"name":"WARUM SIND WIR ANDERS?"}]},{"@type":"WebSite","@id":"https:\/\/staging.trim-nauticadecking.com\/de\/#website","url":"https:\/\/staging.trim-nauticadecking.com\/de\/","name":"Teak decking by triM Nautica","description":"K\u00fcnstliches Teakholz | TEAK-Decks \u2013 k\u00fcnstliches Teakholz | PlasDECK | Installation","publisher":{"@id":"https:\/\/staging.trim-nauticadecking.com\/de\/#organization"},"potentialAction":[{"@type":"SearchAction","target":{"@type":"EntryPoint","urlTemplate":"https:\/\/staging.trim-nauticadecking.com\/de\/?s={search_term_string}"},"query-input":{"@type":"PropertyValueSpecification","valueRequired":true,"valueName":"search_term_string"}}],"inLanguage":"de"},{"@type":"Organization","@id":"https:\/\/staging.trim-nauticadecking.com\/de\/#organization","name":"Teak decking by triM Nautica","url":"https:\/\/staging.trim-nauticadecking.com\/de\/","logo":{"@type":"ImageObject","inLanguage":"de","@id":"https:\/\/staging.trim-nauticadecking.com\/de\/#\/schema\/logo\/image\/","url":"https:\/\/staging.trim-nauticadecking.com\/wp-content\/uploads\/2021\/08\/Teak-Decking-logo-185x40px.svg","contentUrl":"https:\/\/staging.trim-nauticadecking.com\/wp-content\/uploads\/2021\/08\/Teak-Decking-logo-185x40px.svg","width":100,"height":100,"caption":"Teak decking by triM Nautica"},"image":{"@id":"https:\/\/staging.trim-nauticadecking.com\/de\/#\/schema\/logo\/image\/"}}]}},"_links":{"self":[{"href":"https:\/\/staging.trim-nauticadecking.com\/de\/wp-json\/wp\/v2\/pages\/20558","targetHints":{"allow":["GET"]}}],"collection":[{"href":"https:\/\/staging.trim-nauticadecking.com\/de\/wp-json\/wp\/v2\/pages"}],"about":[{"href":"https:\/\/staging.trim-nauticadecking.com\/de\/wp-json\/wp\/v2\/types\/page"}],"author":[{"embeddable":true,"href":"https:\/\/staging.trim-nauticadecking.com\/de\/wp-json\/wp\/v2\/users\/3"}],"replies":[{"embeddable":true,"href":"https:\/\/staging.trim-nauticadecking.com\/de\/wp-json\/wp\/v2\/comments?post=20558"}],"version-history":[{"count":2,"href":"https:\/\/staging.trim-nauticadecking.com\/de\/wp-json\/wp\/v2\/pages\/20558\/revisions"}],"predecessor-version":[{"id":20804,"href":"https:\/\/staging.trim-nauticadecking.com\/de\/wp-json\/wp\/v2\/pages\/20558\/revisions\/20804"}],"up":[{"embeddable":true,"href":"https:\/\/staging.trim-nauticadecking.com\/de\/wp-json\/wp\/v2\/pages\/20557"}],"wp:featuredmedia":[{"embeddable":true,"href":"https:\/\/staging.trim-nauticadecking.com\/de\/wp-json\/wp\/v2\/media\/20366"}],"wp:attachment":[{"href":"https:\/\/staging.trim-nauticadecking.com\/de\/wp-json\/wp\/v2\/media?parent=20558"}],"curies":[{"name":"wp","href":"https:\/\/api.w.org\/{rel}","templated":true}]}}